{"id":993,"date":"2019-03-05T22:39:52","date_gmt":"2019-03-05T21:39:52","guid":{"rendered":"http:\/\/www.orthopaedie-rheinmain.de\/?page_id=993"},"modified":"2026-04-20T11:07:39","modified_gmt":"2026-04-20T10:07:39","slug":"lehnert","status":"publish","type":"page","link":"https:\/\/orthopaedie-rheinmain.de\/en\/ueber-uns\/lehnert\/","title":{"rendered":"Dr. med. Harald Lehnert"},"content":{"rendered":"<div class=\"wpb-content-wrapper\"><div class=\"vc_row wpb_row vc_row-fluid team-member vc_row-o-equal-height vc_row-o-content-middle vc_row-flex\"><div class=\"wpb_column vc_column_container vc_col-sm-12\"><div class=\"vc_column-inner\"><div class=\"wpb_wrapper\">\n\t<div class=\"wpb_text_column wpb_content_element\" >\n\t\t<div class=\"wpb_wrapper\">\n\t\t\t<h2 id=\"ORM#002.02Text&quot;\u00dcberUns&quot;-Dr.med.HaraldLehnert\">Dr. med. Harald Lehnert<\/h2>\n\n\t\t<\/div>\n\t<\/div>\n\n\t<div class=\"wpb_text_column wpb_content_element\" >\n\t\t<div class=\"wpb_wrapper\">\n\t\t\t<h3>Specialist for Orthopaedics and Trauma Surgery<\/h3>\n\n\t\t<\/div>\n\t<\/div>\n<\/div><\/div><\/div><div class=\"wpb_column vc_column_container vc_col-sm-6\"><div class=\"vc_column-inner\"><div class=\"wpb_wrapper\">\n\t<div  class=\"wpb_single_image wpb_content_element vc_align_center\">\n\t\t\n\t\t<figure class=\"wpb_wrapper vc_figure\">\n\t\t\t<div class=\"vc_single_image-wrapper   vc_box_border_grey\"><img loading=\"lazy\" decoding=\"async\" width=\"2560\" height=\"1706\" src=\"https:\/\/orthopaedie-rheinmain.de\/wp-content\/uploads\/2023_lehnert-scaled.jpg\" class=\"vc_single_image-img attachment-full\" alt=\"Dr. med. Harald Lehnert\" title=\"2023_lehnert\" srcset=\"https:\/\/orthopaedie-rheinmain.de\/wp-content\/uploads\/2023_lehnert-scaled.jpg 2560w, https:\/\/orthopaedie-rheinmain.de\/wp-content\/uploads\/2023_lehnert-300x200.jpg 300w, https:\/\/orthopaedie-rheinmain.de\/wp-content\/uploads\/2023_lehnert-1024x683.jpg 1024w, https:\/\/orthopaedie-rheinmain.de\/wp-content\/uploads\/2023_lehnert-768x512.jpg 768w, https:\/\/orthopaedie-rheinmain.de\/wp-content\/uploads\/2023_lehnert-1536x1024.jpg 1536w, https:\/\/orthopaedie-rheinmain.de\/wp-content\/uploads\/2023_lehnert-2048x1365.jpg 2048w, https:\/\/orthopaedie-rheinmain.de\/wp-content\/uploads\/2023_lehnert-18x12.jpg 18w\" sizes=\"auto, (max-width: 2560px) 100vw, 2560px\"  data-dt-location=\"https:\/\/orthopaedie-rheinmain.de\/en\/2023_lehnert\/\" \/><\/div>\n\t\t<\/figure>\n\t<\/div>\n<\/div><\/div><\/div><div class=\"wpb_column vc_column_container vc_col-sm-6\"><div class=\"vc_column-inner\"><div class=\"wpb_wrapper\">\n\t<div class=\"wpb_text_column wpb_content_element\" >\n\t\t<div class=\"wpb_wrapper\">\n\t\t\t<h5>There are many diseases but only one health<\/h5>\n<p style=\"text-align: right;\">Ludwig B\u00f6rne<\/p>\n\n\t\t<\/div>\n\t<\/div>\n<\/div><\/div><\/div><\/div><div data-vc-full-width=\"true\" data-vc-full-width-temp=\"true\" data-vc-full-width-init=\"false\" class=\"vc_row wpb_row vc_row-fluid team-member vc_custom_1551819565078 vc_row-has-fill vc_row-o-equal-height vc_row-flex\"><div class=\"wpb_column vc_column_container vc_col-sm-6\"><div class=\"vc_column-inner\"><div class=\"wpb_wrapper\">\n\t<div class=\"wpb_text_column wpb_content_element\" >\n\t\t<div class=\"wpb_wrapper\">\n\t\t\t<p><strong>Specialties<\/strong><\/p>\n<ul>\n<li>Orthopaedics<\/li>\n<li>Trauma surgery<\/li>\n<li><a href=\"https:\/\/orthopaedie-rheinmain.de\/en\/leistungen-und-schwerpunkte\/orthopaedie\/sportler\/\">Sports medicine<\/a><\/li>\n<li>Emergency medicine<\/li>\n<li><a href=\"https:\/\/orthopaedie-rheinmain.de\/en\/leistungen-und-schwerpunkte\/orthopaedie\/chirotherapie\/\">Chirotherapy<\/a><\/li>\n<\/ul>\n\n\t\t<\/div>\n\t<\/div>\n\n\t<div class=\"wpb_text_column wpb_content_element\" >\n\t\t<div class=\"wpb_wrapper\">\n\t\t\t<p><strong>Location<\/strong><\/p>\n<p>Hattersheim and Hofheim<\/p>\n\n\t\t<\/div>\n\t<\/div>\n<\/div><\/div><\/div><div class=\"wpb_column vc_column_container vc_col-sm-6\"><div class=\"vc_column-inner\"><div class=\"wpb_wrapper\">\n\t<div class=\"wpb_text_column wpb_content_element\" >\n\t\t<div class=\"wpb_wrapper\">\n\t\t\t<p><strong>Focal points<\/strong><\/p>\n<p>Surgical orthopaedics:<\/p>\n<ul>\n<li>Surgery of the large joints<\/li>\n<li><a href=\"https:\/\/orthopaedie-rheinmain.de\/en\/leistungen-und-schwerpunkte\/operationen\/huefte\/\">Hip and knee endoprosthetics<\/a><\/li>\n<li class=\"_mce_tagged_br\">Arthroscopic OP\u00b4s of the shoulder, knee and upper ankle<\/li>\n<li class=\"_mce_tagged_br\"><a href=\"https:\/\/orthopaedie-rheinmain.de\/en\/leistungen-und-schwerpunkte\/operationen\/vorfusschirurgie\/\">foot surgery<\/a><\/li>\n<li class=\"_mce_tagged_br\">Infant hip sonography<\/li>\n<\/ul>\n\n\t\t<\/div>\n\t<\/div>\n\n\t<div class=\"wpb_text_column wpb_content_element\" >\n\t\t<div class=\"wpb_wrapper\">\n\t\t\t<p>In order to be able to treat inpatients, I cooperate with the <a href=\"http:\/\/www.rotkreuzkliniken.de\/\">Frankfurter Rot Kreuz Kliniken<\/a>where I work as an honorary doctor.<\/p>\n\n\t\t<\/div>\n\t<\/div>\n<\/div><\/div><\/div><\/div><div class=\"vc_row-full-width vc_clearfix\"><\/div>\n<\/div>","protected":false},"excerpt":{"rendered":"<p>Dr. med. Harald Lehnert Facharzt f\u00fcr Orthop\u00e4die und Unfallchirurgie Es gibt viele Krankheiten aber nur eine Gesundheit Ludwig B\u00f6rne Fachgebiete Orthop\u00e4die Unfallchirurgie Sportmedizin Notfallmedizin Chirotherapie Standort Hattersheim und Hofheim Schwerpunkte Operative Orthop\u00e4die: Chirurgie der gro\u00dfen Gelenke H\u00fcft- und Knieendoprothetik Arthroskopische OP\u00b4s der Schulter, Knie und OSG Fu\u00dfchirurgie Sonografie der S\u00e4uglingsh\u00fcften Um station\u00e4r behandeln zu k\u00f6nnen,&hellip;<\/p>","protected":false},"author":1,"featured_media":0,"parent":25,"menu_order":1,"comment_status":"closed","ping_status":"closed","template":"","meta":{"footnotes":""},"class_list":["post-993","page","type-page","status-publish","hentry","description-off"],"yoast_head":"<!-- This site is optimized with the Yoast SEO plugin v27.5 - https:\/\/yoast.com\/product\/yoast-seo-wordpress\/ -->\n<title>Dr. med. Harald Lehnert - Zentrum f&uuml;r Orthop&auml;die Rhein-Main<\/title>\n<meta name=\"robots\" content=\"index, follow, max-snippet:-1, max-image-preview:large, max-video-preview:-1\" \/>\n<link rel=\"canonical\" href=\"https:\/\/orthopaedie-rheinmain.de\/en\/ueber-uns\/lehnert\/\" \/>\n<meta property=\"og:locale\" content=\"en_US\" \/>\n<meta property=\"og:type\" content=\"article\" \/>\n<meta property=\"og:title\" content=\"Dr. med. Harald Lehnert - Zentrum f&uuml;r Orthop&auml;die Rhein-Main\" \/>\n<meta property=\"og:url\" content=\"https:\/\/orthopaedie-rheinmain.de\/en\/ueber-uns\/lehnert\/\" \/>\n<meta property=\"og:site_name\" content=\"Zentrum f&uuml;r Orthop&auml;die Rhein-Main\" \/>\n<meta property=\"article:modified_time\" content=\"2026-04-20T10:07:39+00:00\" \/>\n<meta name=\"twitter:card\" content=\"summary_large_image\" \/>\n<meta name=\"twitter:label1\" content=\"Est. reading time\" \/>\n\t<meta name=\"twitter:data1\" content=\"1 minute\" \/>\n<script type=\"application\/ld+json\" class=\"yoast-schema-graph\">{\"@context\":\"https:\\\/\\\/schema.org\",\"@graph\":[{\"@type\":\"WebPage\",\"@id\":\"https:\\\/\\\/orthopaedie-rheinmain.de\\\/ueber-uns\\\/lehnert\\\/\",\"url\":\"https:\\\/\\\/orthopaedie-rheinmain.de\\\/ueber-uns\\\/lehnert\\\/\",\"name\":\"Dr. med. Harald Lehnert - Zentrum f&uuml;r Orthop&auml;die Rhein-Main\",\"isPartOf\":{\"@id\":\"https:\\\/\\\/orthopaedie-rheinmain.de\\\/#website\"},\"datePublished\":\"2019-03-05T21:39:52+00:00\",\"dateModified\":\"2026-04-20T10:07:39+00:00\",\"breadcrumb\":{\"@id\":\"https:\\\/\\\/orthopaedie-rheinmain.de\\\/ueber-uns\\\/lehnert\\\/#breadcrumb\"},\"inLanguage\":\"en-US\",\"potentialAction\":[{\"@type\":\"ReadAction\",\"target\":[\"https:\\\/\\\/orthopaedie-rheinmain.de\\\/ueber-uns\\\/lehnert\\\/\"]}]},{\"@type\":\"BreadcrumbList\",\"@id\":\"https:\\\/\\\/orthopaedie-rheinmain.de\\\/ueber-uns\\\/lehnert\\\/#breadcrumb\",\"itemListElement\":[{\"@type\":\"ListItem\",\"position\":1,\"name\":\"Startseite\",\"item\":\"https:\\\/\\\/orthopaedie-rheinmain.de\\\/\"},{\"@type\":\"ListItem\",\"position\":2,\"name\":\"\u00dcber uns\",\"item\":\"https:\\\/\\\/orthopaedie-rheinmain.de\\\/ueber-uns\\\/\"},{\"@type\":\"ListItem\",\"position\":3,\"name\":\"Dr. med. Harald Lehnert\"}]},{\"@type\":\"WebSite\",\"@id\":\"https:\\\/\\\/orthopaedie-rheinmain.de\\\/#website\",\"url\":\"https:\\\/\\\/orthopaedie-rheinmain.de\\\/\",\"name\":\"Zentrum f&uuml;r Orthop&auml;die Rhein-Main\",\"description\":\"Willkommen im Zentrum f\u00fcr Orthop\u00e4die Rhein-Main\",\"potentialAction\":[{\"@type\":\"SearchAction\",\"target\":{\"@type\":\"EntryPoint\",\"urlTemplate\":\"https:\\\/\\\/orthopaedie-rheinmain.de\\\/?s={search_term_string}\"},\"query-input\":{\"@type\":\"PropertyValueSpecification\",\"valueRequired\":true,\"valueName\":\"search_term_string\"}}],\"inLanguage\":\"en-US\"}]}<\/script>\n<!-- \/ Yoast SEO plugin. -->","yoast_head_json":{"title":"Dr. med. Harald Lehnert - Zentrum f&uuml;r Orthop&auml;die Rhein-Main","robots":{"index":"index","follow":"follow","max-snippet":"max-snippet:-1","max-image-preview":"max-image-preview:large","max-video-preview":"max-video-preview:-1"},"canonical":"https:\/\/orthopaedie-rheinmain.de\/en\/ueber-uns\/lehnert\/","og_locale":"en_US","og_type":"article","og_title":"Dr. med. Harald Lehnert - Zentrum f&uuml;r Orthop&auml;die Rhein-Main","og_url":"https:\/\/orthopaedie-rheinmain.de\/en\/ueber-uns\/lehnert\/","og_site_name":"Zentrum f&uuml;r Orthop&auml;die Rhein-Main","article_modified_time":"2026-04-20T10:07:39+00:00","twitter_card":"summary_large_image","twitter_misc":{"Est. reading time":"1 minute"},"schema":{"@context":"https:\/\/schema.org","@graph":[{"@type":"WebPage","@id":"https:\/\/orthopaedie-rheinmain.de\/ueber-uns\/lehnert\/","url":"https:\/\/orthopaedie-rheinmain.de\/ueber-uns\/lehnert\/","name":"Dr. med. Harald Lehnert - Zentrum f&uuml;r Orthop&auml;die Rhein-Main","isPartOf":{"@id":"https:\/\/orthopaedie-rheinmain.de\/#website"},"datePublished":"2019-03-05T21:39:52+00:00","dateModified":"2026-04-20T10:07:39+00:00","breadcrumb":{"@id":"https:\/\/orthopaedie-rheinmain.de\/ueber-uns\/lehnert\/#breadcrumb"},"inLanguage":"en-US","potentialAction":[{"@type":"ReadAction","target":["https:\/\/orthopaedie-rheinmain.de\/ueber-uns\/lehnert\/"]}]},{"@type":"BreadcrumbList","@id":"https:\/\/orthopaedie-rheinmain.de\/ueber-uns\/lehnert\/#breadcrumb","itemListElement":[{"@type":"ListItem","position":1,"name":"Startseite","item":"https:\/\/orthopaedie-rheinmain.de\/"},{"@type":"ListItem","position":2,"name":"\u00dcber uns","item":"https:\/\/orthopaedie-rheinmain.de\/ueber-uns\/"},{"@type":"ListItem","position":3,"name":"Dr. med. Harald Lehnert"}]},{"@type":"WebSite","@id":"https:\/\/orthopaedie-rheinmain.de\/#website","url":"https:\/\/orthopaedie-rheinmain.de\/","name":"Rhine-Main Orthopedic Center","description":"Welcome to the Rhine-Main Orthopedic Center","potentialAction":[{"@type":"SearchAction","target":{"@type":"EntryPoint","urlTemplate":"https:\/\/orthopaedie-rheinmain.de\/?s={search_term_string}"},"query-input":{"@type":"PropertyValueSpecification","valueRequired":true,"valueName":"search_term_string"}}],"inLanguage":"en-US"}]}},"_links":{"self":[{"href":"https:\/\/orthopaedie-rheinmain.de\/en\/wp-json\/wp\/v2\/pages\/993","targetHints":{"allow":["GET"]}}],"collection":[{"href":"https:\/\/orthopaedie-rheinmain.de\/en\/wp-json\/wp\/v2\/pages"}],"about":[{"href":"https:\/\/orthopaedie-rheinmain.de\/en\/wp-json\/wp\/v2\/types\/page"}],"author":[{"embeddable":true,"href":"https:\/\/orthopaedie-rheinmain.de\/en\/wp-json\/wp\/v2\/users\/1"}],"replies":[{"embeddable":true,"href":"https:\/\/orthopaedie-rheinmain.de\/en\/wp-json\/wp\/v2\/comments?post=993"}],"version-history":[{"count":14,"href":"https:\/\/orthopaedie-rheinmain.de\/en\/wp-json\/wp\/v2\/pages\/993\/revisions"}],"predecessor-version":[{"id":12595,"href":"https:\/\/orthopaedie-rheinmain.de\/en\/wp-json\/wp\/v2\/pages\/993\/revisions\/12595"}],"up":[{"embeddable":true,"href":"https:\/\/orthopaedie-rheinmain.de\/en\/wp-json\/wp\/v2\/pages\/25"}],"wp:attachment":[{"href":"https:\/\/orthopaedie-rheinmain.de\/en\/wp-json\/wp\/v2\/media?parent=993"}],"curies":[{"name":"wp","href":"https:\/\/api.w.org\/{rel}","templated":true}]}}