{"id":988,"date":"2019-03-05T22:31:40","date_gmt":"2019-03-05T21:31:40","guid":{"rendered":"http:\/\/www.orthopaedie-rheinmain.de\/?page_id=988"},"modified":"2023-08-30T13:29:42","modified_gmt":"2023-08-30T12:29:42","slug":"scholz","status":"publish","type":"page","link":"https:\/\/orthopaedie-rheinmain.de\/en\/ueber-uns\/scholz\/","title":{"rendered":"Dr. med. J\u00fcrgen Scholz"},"content":{"rendered":"<div class=\"wpb-content-wrapper\"><div class=\"vc_row wpb_row vc_row-fluid team-member vc_row-o-equal-height vc_row-o-content-middle vc_row-flex\"><div class=\"wpb_column vc_column_container vc_col-sm-12\"><div class=\"vc_column-inner\"><div class=\"wpb_wrapper\">\n\t<div class=\"wpb_text_column wpb_content_element\" >\n\t\t<div class=\"wpb_wrapper\">\n\t\t\t<h2 id=\"ORM#002.02Text&quot;\u00dcberUns&quot;-Dr.med.J\u00fcrgenScholz\">Dr. med. J\u00fcrgen Scholz<\/h2>\n\n\t\t<\/div>\n\t<\/div>\n\n\t<div class=\"wpb_text_column wpb_content_element\" >\n\t\t<div class=\"wpb_wrapper\">\n\t\t\t<h3>Specialist for Orthopaedics and Trauma Surgery<\/h3>\n\n\t\t<\/div>\n\t<\/div>\n<\/div><\/div><\/div><div class=\"wpb_column vc_column_container vc_col-sm-6\"><div class=\"vc_column-inner\"><div class=\"wpb_wrapper\">\n\t<div  class=\"wpb_single_image wpb_content_element vc_align_center\">\n\t\t\n\t\t<figure class=\"wpb_wrapper vc_figure\">\n\t\t\t<div class=\"vc_single_image-wrapper   vc_box_border_grey\"><img loading=\"lazy\" decoding=\"async\" width=\"2560\" height=\"1707\" src=\"https:\/\/orthopaedie-rheinmain.de\/wp-content\/uploads\/2023_scholz-scaled.jpg\" class=\"vc_single_image-img attachment-full\" alt=\"Dr. med. J\u00fcrgen Scholz\" title=\"2023_scholz\" srcset=\"https:\/\/orthopaedie-rheinmain.de\/wp-content\/uploads\/2023_scholz-scaled.jpg 2560w, https:\/\/orthopaedie-rheinmain.de\/wp-content\/uploads\/2023_scholz-300x200.jpg 300w, https:\/\/orthopaedie-rheinmain.de\/wp-content\/uploads\/2023_scholz-1024x683.jpg 1024w, https:\/\/orthopaedie-rheinmain.de\/wp-content\/uploads\/2023_scholz-768x512.jpg 768w, https:\/\/orthopaedie-rheinmain.de\/wp-content\/uploads\/2023_scholz-1536x1024.jpg 1536w, https:\/\/orthopaedie-rheinmain.de\/wp-content\/uploads\/2023_scholz-2048x1366.jpg 2048w, https:\/\/orthopaedie-rheinmain.de\/wp-content\/uploads\/2023_scholz-18x12.jpg 18w\" sizes=\"auto, (max-width: 2560px) 100vw, 2560px\"  data-dt-location=\"https:\/\/orthopaedie-rheinmain.de\/en\/2023_scholz\/\" \/><\/div>\n\t\t<\/figure>\n\t<\/div>\n<\/div><\/div><\/div><div class=\"wpb_column vc_column_container vc_col-sm-6\"><div class=\"vc_column-inner\"><div class=\"wpb_wrapper\">\n\t<div class=\"wpb_text_column wpb_content_element\" >\n\t\t<div class=\"wpb_wrapper\">\n\t\t\t<h5>I'll keep you moving.<\/h5>\n\n\t\t<\/div>\n\t<\/div>\n<\/div><\/div><\/div><\/div><div data-vc-full-width=\"true\" data-vc-full-width-temp=\"true\" data-vc-full-width-init=\"false\" class=\"vc_row wpb_row vc_row-fluid team-member vc_custom_1551819565078 vc_row-has-fill vc_row-o-equal-height vc_row-flex\"><div class=\"wpb_column vc_column_container vc_col-sm-6\"><div class=\"vc_column-inner\"><div class=\"wpb_wrapper\">\n\t<div class=\"wpb_text_column wpb_content_element\" >\n\t\t<div class=\"wpb_wrapper\">\n\t\t\t<p><strong>Specialties<\/strong><\/p>\n<ul>\n<li>Orthopaedics and Trauma Surgery<\/li>\n<li>Surgery<\/li>\n<li><a href=\"https:\/\/orthopaedie-rheinmain.de\/en\/leistungen-und-schwerpunkte\/orthopaedie\/sportler\/\">Sports medicine<\/a><\/li>\n<li>Emergency medicine<\/li>\n<\/ul>\n\n\t\t<\/div>\n\t<\/div>\n\n\t<div class=\"wpb_text_column wpb_content_element\" >\n\t\t<div class=\"wpb_wrapper\">\n\t\t\t<p><strong>Location<\/strong><\/p>\n<p>Hattersheim and Hofheim<\/p>\n\n\t\t<\/div>\n\t<\/div>\n\n\t<div class=\"wpb_text_column wpb_content_element\" >\n\t\t<div class=\"wpb_wrapper\">\n\t\t\t<p><strong>Focal points<\/strong><\/p>\n<p class=\"p1\"><a href=\"https:\/\/orthopaedie-rheinmain.de\/en\/leistungen-und-schwerpunkte\/orthopaedie\/sportler\/\">Sports medicine<\/a><\/p>\n<ul>\n<li>Dr. Scholz war von 2012-2019 Teamarzt der Junioren beim Deutschen Fu\u00dfballbund. Ein Schwerpunkt stellt die orthop\u00e4dische Versorgung von akuten und chronischen Sportverletzungen dar.<\/li>\n<li>Surgical treatment of bone fractures and sports injuries Arthroscopic joint operations (knee, shoulder) Trauma surgery<\/li>\n<\/ul>\n\n\t\t<\/div>\n\t<\/div>\n<\/div><\/div><\/div><div class=\"wpb_column vc_column_container vc_col-sm-6\"><div class=\"vc_column-inner\"><div class=\"wpb_wrapper\">\n\t<div class=\"wpb_text_column wpb_content_element\" >\n\t\t<div class=\"wpb_wrapper\">\n\t\t\t<p><strong>Curriculum vitae<\/strong><\/p>\n<ol>\n<li class=\"li1\"><strong>since april 2018 <\/strong><br \/>\nDoctor at the Center of Orthopaedics and Naturopathy Rhein Main<\/li>\n<li class=\"li1\"><strong>2016 &#8211; 2018<\/strong><br \/>\nMedical director of the MVZ at the <a href=\"https:\/\/www.kliniken-mtk.de\/cipp\/mtk\/lib\/pub\/tt,oid,66\/lang,1\/ticket,guest\">Hospital Hofheim<\/a><\/li>\n<li class=\"li1\"><strong>2011 &#8211; 2015<\/strong><br \/>\nAcquisition of the additional title \"Sports Medicine\" at the <a href=\"https:\/\/www.sportklinik-ffm.de\/\">Institute of Sports Medicine Frankfurt am Main<\/a><\/li>\n<li class=\"li1\"><strong>2009 &#8211; 2011<\/strong><br \/>\nSpecialist at the <a href=\"https:\/\/www.kliniken-mtk.de\/cipp\/mtk\/lib\/pub\/tt,oid,7216\/lang,1\/ticket,guest\">MVZ at Hofheim Hospital<\/a><\/li>\n<li class=\"li1\"><strong>1998 &#8211; 2009<\/strong><br \/>\nSpecialist medical training in the clinics of the Main Taunus district<\/li>\n<li class=\"li1\"><strong>2006<\/strong><br \/>\nDoctorate at the <a href=\"http:\/\/www.uni-mainz.de\/\">Johannes Gutenberg University Mainz<\/a> \"Clinical and neurological follow-up examinations after endoscopic carpal tunnel splitting\"<\/li>\n<li class=\"li1\"><strong>1991 &#8211; 1997<\/strong><br \/>\nStudy of human medicine at the <a href=\"http:\/\/www.uni-mainz.de\/\">Johannes Gutenberg University Mainz<\/a><\/li>\n<\/ol>\n\n\t\t<\/div>\n\t<\/div>\n<\/div><\/div><\/div><\/div><div class=\"vc_row-full-width vc_clearfix\"><\/div>\n<\/div>","protected":false},"excerpt":{"rendered":"<p>Dr. med. J\u00fcrgen Scholz Facharzt f\u00fcr Orthop\u00e4die und Unfallchirurgie Ich halte Sie in Bewegung Fachgebiete Orthop\u00e4die und Unfallchirurgie Chirurgie Sportmedizin Notfallmedizin Standort Hattersheim und Hofheim Schwerpunkte Sportmedizin Dr. Scholz war von 2012-2019 Teamarzt der Junioren beim Deutschen Fu\u00dfballbund. Ein Schwerpunkt stellt die orthop\u00e4dische Versorgung von akuten und chronischen Sportverletzungen dar. Operative Versorgung von Knochenbr\u00fcchen und&hellip;<\/p>","protected":false},"author":1,"featured_media":0,"parent":25,"menu_order":1,"comment_status":"closed","ping_status":"closed","template":"","meta":{"footnotes":""},"class_list":["post-988","page","type-page","status-publish","hentry","description-off"],"yoast_head":"<!-- This site is optimized with the Yoast SEO plugin v27.5 - https:\/\/yoast.com\/product\/yoast-seo-wordpress\/ -->\n<title>Dr. med. J\u00fcrgen Scholz - Zentrum f&uuml;r Orthop&auml;die Rhein-Main<\/title>\n<meta name=\"robots\" content=\"index, follow, max-snippet:-1, max-image-preview:large, max-video-preview:-1\" \/>\n<link rel=\"canonical\" href=\"https:\/\/orthopaedie-rheinmain.de\/en\/ueber-uns\/scholz\/\" \/>\n<meta property=\"og:locale\" content=\"en_US\" \/>\n<meta property=\"og:type\" content=\"article\" \/>\n<meta property=\"og:title\" content=\"Dr. med. J\u00fcrgen Scholz - Zentrum f&uuml;r Orthop&auml;die Rhein-Main\" \/>\n<meta property=\"og:url\" content=\"https:\/\/orthopaedie-rheinmain.de\/en\/ueber-uns\/scholz\/\" \/>\n<meta property=\"og:site_name\" content=\"Zentrum f&uuml;r Orthop&auml;die Rhein-Main\" \/>\n<meta property=\"article:modified_time\" content=\"2023-08-30T12:29:42+00:00\" \/>\n<meta name=\"twitter:card\" content=\"summary_large_image\" \/>\n<meta name=\"twitter:label1\" content=\"Est. reading time\" \/>\n\t<meta name=\"twitter:data1\" content=\"1 minute\" \/>\n<script type=\"application\/ld+json\" class=\"yoast-schema-graph\">{\"@context\":\"https:\\\/\\\/schema.org\",\"@graph\":[{\"@type\":\"WebPage\",\"@id\":\"https:\\\/\\\/orthopaedie-rheinmain.de\\\/ueber-uns\\\/scholz\\\/\",\"url\":\"https:\\\/\\\/orthopaedie-rheinmain.de\\\/ueber-uns\\\/scholz\\\/\",\"name\":\"Dr. med. J\u00fcrgen Scholz - Zentrum f&uuml;r Orthop&auml;die Rhein-Main\",\"isPartOf\":{\"@id\":\"https:\\\/\\\/orthopaedie-rheinmain.de\\\/#website\"},\"datePublished\":\"2019-03-05T21:31:40+00:00\",\"dateModified\":\"2023-08-30T12:29:42+00:00\",\"breadcrumb\":{\"@id\":\"https:\\\/\\\/orthopaedie-rheinmain.de\\\/ueber-uns\\\/scholz\\\/#breadcrumb\"},\"inLanguage\":\"en-US\",\"potentialAction\":[{\"@type\":\"ReadAction\",\"target\":[\"https:\\\/\\\/orthopaedie-rheinmain.de\\\/ueber-uns\\\/scholz\\\/\"]}]},{\"@type\":\"BreadcrumbList\",\"@id\":\"https:\\\/\\\/orthopaedie-rheinmain.de\\\/ueber-uns\\\/scholz\\\/#breadcrumb\",\"itemListElement\":[{\"@type\":\"ListItem\",\"position\":1,\"name\":\"Startseite\",\"item\":\"https:\\\/\\\/orthopaedie-rheinmain.de\\\/\"},{\"@type\":\"ListItem\",\"position\":2,\"name\":\"\u00dcber uns\",\"item\":\"https:\\\/\\\/orthopaedie-rheinmain.de\\\/ueber-uns\\\/\"},{\"@type\":\"ListItem\",\"position\":3,\"name\":\"Dr. med. J\u00fcrgen Scholz\"}]},{\"@type\":\"WebSite\",\"@id\":\"https:\\\/\\\/orthopaedie-rheinmain.de\\\/#website\",\"url\":\"https:\\\/\\\/orthopaedie-rheinmain.de\\\/\",\"name\":\"Zentrum f&uuml;r Orthop&auml;die Rhein-Main\",\"description\":\"Willkommen im Zentrum f\u00fcr Orthop\u00e4die Rhein-Main\",\"potentialAction\":[{\"@type\":\"SearchAction\",\"target\":{\"@type\":\"EntryPoint\",\"urlTemplate\":\"https:\\\/\\\/orthopaedie-rheinmain.de\\\/?s={search_term_string}\"},\"query-input\":{\"@type\":\"PropertyValueSpecification\",\"valueRequired\":true,\"valueName\":\"search_term_string\"}}],\"inLanguage\":\"en-US\"}]}<\/script>\n<!-- \/ Yoast SEO plugin. -->","yoast_head_json":{"title":"Dr. med. J\u00fcrgen Scholz - Zentrum f&uuml;r Orthop&auml;die Rhein-Main","robots":{"index":"index","follow":"follow","max-snippet":"max-snippet:-1","max-image-preview":"max-image-preview:large","max-video-preview":"max-video-preview:-1"},"canonical":"https:\/\/orthopaedie-rheinmain.de\/en\/ueber-uns\/scholz\/","og_locale":"en_US","og_type":"article","og_title":"Dr. med. J\u00fcrgen Scholz - Zentrum f&uuml;r Orthop&auml;die Rhein-Main","og_url":"https:\/\/orthopaedie-rheinmain.de\/en\/ueber-uns\/scholz\/","og_site_name":"Zentrum f&uuml;r Orthop&auml;die Rhein-Main","article_modified_time":"2023-08-30T12:29:42+00:00","twitter_card":"summary_large_image","twitter_misc":{"Est. reading time":"1 minute"},"schema":{"@context":"https:\/\/schema.org","@graph":[{"@type":"WebPage","@id":"https:\/\/orthopaedie-rheinmain.de\/ueber-uns\/scholz\/","url":"https:\/\/orthopaedie-rheinmain.de\/ueber-uns\/scholz\/","name":"Dr. med. J\u00fcrgen Scholz - Zentrum f&uuml;r Orthop&auml;die Rhein-Main","isPartOf":{"@id":"https:\/\/orthopaedie-rheinmain.de\/#website"},"datePublished":"2019-03-05T21:31:40+00:00","dateModified":"2023-08-30T12:29:42+00:00","breadcrumb":{"@id":"https:\/\/orthopaedie-rheinmain.de\/ueber-uns\/scholz\/#breadcrumb"},"inLanguage":"en-US","potentialAction":[{"@type":"ReadAction","target":["https:\/\/orthopaedie-rheinmain.de\/ueber-uns\/scholz\/"]}]},{"@type":"BreadcrumbList","@id":"https:\/\/orthopaedie-rheinmain.de\/ueber-uns\/scholz\/#breadcrumb","itemListElement":[{"@type":"ListItem","position":1,"name":"Startseite","item":"https:\/\/orthopaedie-rheinmain.de\/"},{"@type":"ListItem","position":2,"name":"\u00dcber uns","item":"https:\/\/orthopaedie-rheinmain.de\/ueber-uns\/"},{"@type":"ListItem","position":3,"name":"Dr. med. J\u00fcrgen Scholz"}]},{"@type":"WebSite","@id":"https:\/\/orthopaedie-rheinmain.de\/#website","url":"https:\/\/orthopaedie-rheinmain.de\/","name":"Rhine-Main Orthopedic Center","description":"Welcome to the Rhine-Main Orthopedic Center","potentialAction":[{"@type":"SearchAction","target":{"@type":"EntryPoint","urlTemplate":"https:\/\/orthopaedie-rheinmain.de\/?s={search_term_string}"},"query-input":{"@type":"PropertyValueSpecification","valueRequired":true,"valueName":"search_term_string"}}],"inLanguage":"en-US"}]}},"_links":{"self":[{"href":"https:\/\/orthopaedie-rheinmain.de\/en\/wp-json\/wp\/v2\/pages\/988","targetHints":{"allow":["GET"]}}],"collection":[{"href":"https:\/\/orthopaedie-rheinmain.de\/en\/wp-json\/wp\/v2\/pages"}],"about":[{"href":"https:\/\/orthopaedie-rheinmain.de\/en\/wp-json\/wp\/v2\/types\/page"}],"author":[{"embeddable":true,"href":"https:\/\/orthopaedie-rheinmain.de\/en\/wp-json\/wp\/v2\/users\/1"}],"replies":[{"embeddable":true,"href":"https:\/\/orthopaedie-rheinmain.de\/en\/wp-json\/wp\/v2\/comments?post=988"}],"version-history":[{"count":7,"href":"https:\/\/orthopaedie-rheinmain.de\/en\/wp-json\/wp\/v2\/pages\/988\/revisions"}],"predecessor-version":[{"id":12325,"href":"https:\/\/orthopaedie-rheinmain.de\/en\/wp-json\/wp\/v2\/pages\/988\/revisions\/12325"}],"up":[{"embeddable":true,"href":"https:\/\/orthopaedie-rheinmain.de\/en\/wp-json\/wp\/v2\/pages\/25"}],"wp:attachment":[{"href":"https:\/\/orthopaedie-rheinmain.de\/en\/wp-json\/wp\/v2\/media?parent=988"}],"curies":[{"name":"wp","href":"https:\/\/api.w.org\/{rel}","templated":true}]}}