{"id":985,"date":"2019-03-05T22:28:24","date_gmt":"2019-03-05T21:28:24","guid":{"rendered":"http:\/\/www.orthopaedie-rheinmain.de\/?page_id=985"},"modified":"2023-01-31T23:03:00","modified_gmt":"2023-01-31T22:03:00","slug":"gronemeier","status":"publish","type":"page","link":"https:\/\/orthopaedie-rheinmain.de\/en\/ueber-uns\/gronemeier\/","title":{"rendered":"Dr. med. Uwe Gronemeier"},"content":{"rendered":"<div class=\"wpb-content-wrapper\"><div class=\"vc_row wpb_row vc_row-fluid team-member vc_row-o-equal-height vc_row-o-content-middle vc_row-flex\"><div class=\"wpb_column vc_column_container vc_col-sm-12\"><div class=\"vc_column-inner\"><div class=\"wpb_wrapper\">\n\t<div class=\"wpb_text_column wpb_content_element\" >\n\t\t<div class=\"wpb_wrapper\">\n\t\t\t<h2>Dr. med. Uwe Gronemeier<\/h2>\n\n\t\t<\/div>\n\t<\/div>\n\n\t<div class=\"wpb_text_column wpb_content_element\" >\n\t\t<div class=\"wpb_wrapper\">\n\t\t\t<h3>Specialist for Orthopaedics<\/h3>\n\n\t\t<\/div>\n\t<\/div>\n<\/div><\/div><\/div><div class=\"wpb_column vc_column_container vc_col-sm-6\"><div class=\"vc_column-inner\"><div class=\"wpb_wrapper\">\n\t<div  class=\"wpb_single_image wpb_content_element vc_align_center\">\n\t\t\n\t\t<figure class=\"wpb_wrapper vc_figure\">\n\t\t\t<div class=\"vc_single_image-wrapper   vc_box_border_grey\"><img loading=\"lazy\" decoding=\"async\" width=\"2560\" height=\"1707\" src=\"https:\/\/orthopaedie-rheinmain.de\/wp-content\/uploads\/2023_gronemeier-scaled.jpg\" class=\"vc_single_image-img attachment-full\" alt=\"Dr. med. Uwe Gronemeier\" title=\"2023_gronemeier\" srcset=\"https:\/\/orthopaedie-rheinmain.de\/wp-content\/uploads\/2023_gronemeier-scaled.jpg 2560w, https:\/\/orthopaedie-rheinmain.de\/wp-content\/uploads\/2023_gronemeier-300x200.jpg 300w, https:\/\/orthopaedie-rheinmain.de\/wp-content\/uploads\/2023_gronemeier-1024x683.jpg 1024w, https:\/\/orthopaedie-rheinmain.de\/wp-content\/uploads\/2023_gronemeier-768x512.jpg 768w, https:\/\/orthopaedie-rheinmain.de\/wp-content\/uploads\/2023_gronemeier-1536x1024.jpg 1536w, https:\/\/orthopaedie-rheinmain.de\/wp-content\/uploads\/2023_gronemeier-2048x1365.jpg 2048w, https:\/\/orthopaedie-rheinmain.de\/wp-content\/uploads\/2023_gronemeier-18x12.jpg 18w\" sizes=\"auto, (max-width: 2560px) 100vw, 2560px\"  data-dt-location=\"https:\/\/orthopaedie-rheinmain.de\/en\/ueber-uns\/2023_gronemeier\/\" \/><\/div>\n\t\t<\/figure>\n\t<\/div>\n<\/div><\/div><\/div><div class=\"wpb_column vc_column_container vc_col-sm-6\"><div class=\"vc_column-inner\"><div class=\"wpb_wrapper\">\n\t<div class=\"wpb_text_column wpb_content_element\" >\n\t\t<div class=\"wpb_wrapper\">\n\t\t\t<h5>One should offer something good to the body, so that the soul feels like living in it.<\/h5>\n<p style=\"text-align: right;\">Winston Churchill<\/p>\n\n\t\t<\/div>\n\t<\/div>\n<\/div><\/div><\/div><\/div><div data-vc-full-width=\"true\" data-vc-full-width-init=\"false\" class=\"vc_row wpb_row vc_row-fluid team-member vc_custom_1551819565078 vc_row-has-fill vc_row-o-equal-height vc_row-flex\"><div class=\"wpb_column vc_column_container vc_col-sm-6\"><div class=\"vc_column-inner\"><div class=\"wpb_wrapper\">\n\t<div class=\"wpb_text_column wpb_content_element\" >\n\t\t<div class=\"wpb_wrapper\">\n\t\t\t<p><strong>Specialties<\/strong><\/p>\n<ul class=\"ul1\">\n<li class=\"li1\"><a href=\"https:\/\/orthopaedie-rheinmain.de\/en\/leistungen-und-schwerpunkte\/orthopaedie\/chirotherapie\/\">Chirotherapy<\/a><\/li>\n<li class=\"li1\"><a href=\"https:\/\/orthopaedie-rheinmain.de\/en\/leistungen-und-schwerpunkte\/orthopaedie\/sportler\/\">Sports medicine<\/a><\/li>\n<li class=\"li1\">Special pain therapy<\/li>\n<li class=\"li1\"><a href=\"https:\/\/orthopaedie-rheinmain.de\/en\/leistungen-und-schwerpunkte\/naturheilverfahren\/akupunktur\/\">Acupuncture<\/a><\/li>\n<li>Psychosomatic primary care<\/li>\n<\/ul>\n\n\t\t<\/div>\n\t<\/div>\n\n\t<div class=\"wpb_text_column wpb_content_element\" >\n\t\t<div class=\"wpb_wrapper\">\n\t\t\t<p><strong>Location<\/strong><\/p>\n<p>Fl\u00f6rsheim, Hofheim and Hattersheim<\/p>\n\n\t\t<\/div>\n\t<\/div>\n\n\t<div class=\"wpb_text_column wpb_content_element\" >\n\t\t<div class=\"wpb_wrapper\">\n\t\t\t<p><strong>Focal points<\/strong><\/p>\n<ul class=\"ul1\">\n<li class=\"li1\"><a href=\"https:\/\/orthopaedie-rheinmain.de\/en\/leistungen-und-schwerpunkte\/operationen\/arthroskopische-operationen\/\">arthroscopic knee joint operations<\/a><\/li>\n<li class=\"li1\"><a href=\"https:\/\/orthopaedie-rheinmain.de\/en\/leistungen-und-schwerpunkte\/orthopaedie\/kinder\/\">Paediatric orthopaedics<\/a> (sonography infant hips, scolioses etc.)<\/li>\n<li class=\"li1\">Pain therapy of spinal diseases<\/li>\n<li class=\"li1\"><a href=\"https:\/\/orthopaedie-rheinmain.de\/en\/leistungen-und-schwerpunkte\/orthopaedie\/sportler\/\">Sports medicine care<\/a><\/li>\n<li>outpatient surgeries<\/li>\n<li>Osteoporosis management<\/li>\n<\/ul>\n\n\t\t<\/div>\n\t<\/div>\n<\/div><\/div><\/div><div class=\"wpb_column vc_column_container vc_col-sm-6\"><div class=\"vc_column-inner\"><div class=\"wpb_wrapper\">\n\t<div class=\"wpb_text_column wpb_content_element\" >\n\t\t<div class=\"wpb_wrapper\">\n\t\t\t<p><strong>Curriculum vitae<\/strong><\/p>\n<ol>\n<li class=\"li1\"><strong>since 2003<\/strong><br \/>\nDoctor at the <a href=\"https:\/\/orthopaedie-rheinmain.de\/en\/\">Center of Orthopaedics and Naturopathy Rhein Main<\/a><\/li>\n<li>Outpatient surgery at the <a href=\"https:\/\/www.tagesklinik-hofheim.de\/\">Hofheim Day Clinic<\/a><\/li>\n<li>General practitioner at the <a href=\"https:\/\/www.kreisklinik-gg.de\/\">district hospital Gro\u00df-Gerau<\/a>:<br \/>\noutpatient and inpatient operations, conservative special inpatient pain therapy<\/li>\n<li><strong>2002<\/strong><br \/>\nDoctorate (Dr. med.): \"Operative treatment results of spondylolytic spondylolisthesis after dorsoventral spondylodesis\".<\/li>\n<li><strong>1996-2002<br \/>\n<\/strong>Specialist training in orthopaedics at the <a href=\"https:\/\/www.klinikumfrankfurt.de\/home.html\">St\u00e4dtische Kliniken Frankfurt H\u00f6chst<\/a> and surgical department at the <a href=\"https:\/\/www.helios-gesundheit.de\/kliniken\/wiesbaden-dkd\/\">German Clinic for Diagnostics (DKD) in Wiesbaden<\/a><\/li>\n<li><strong>1990-1996<br \/>\n<\/strong>Study of human medicine at the <a href=\"https:\/\/www.uni-giessen.de\/index.html\">University of Gie\u00dfen<\/a><\/li>\n<\/ol>\n\n\t\t<\/div>\n\t<\/div>\n<\/div><\/div><\/div><\/div><div class=\"vc_row-full-width vc_clearfix\"><\/div>\n<\/div>","protected":false},"excerpt":{"rendered":"<p>Dr. med. Uwe Gronemeier Facharzt f\u00fcr Orthop\u00e4die Man soll dem Leib etwas gutes bieten, damit die Seele Lust hat, darin zu wohnen. Winston Churchill Fachgebiete Chirotherapie Sportmedizin Spezielle Schmerztherapie Akupunktur Psychosomatische Grundversorgung Standort Fl\u00f6rsheim, Hofheim und Hattersheim Schwerpunkte arthroskopische Kniegelenkoperationen Kinderorthop\u00e4die (Sonographie S\u00e4uglingsh\u00fcften, Skoliosen etc.) Schmerztherapie von Wirbels\u00e4ulenerkrankungen Sportmedizinische Versorgung ambulante Operationen Osteoporose-Management Lebenslauf seit&hellip;<\/p>","protected":false},"author":1,"featured_media":0,"parent":25,"menu_order":1,"comment_status":"closed","ping_status":"closed","template":"","meta":{"footnotes":""},"class_list":["post-985","page","type-page","status-publish","hentry","description-off"],"yoast_head":"<!-- This site is optimized with the Yoast SEO plugin v27.4 - https:\/\/yoast.com\/product\/yoast-seo-wordpress\/ -->\n<title>Dr. med. Uwe Gronemeier - Zentrum f&uuml;r Orthop&auml;die Rhein-Main<\/title>\n<meta name=\"robots\" content=\"index, follow, max-snippet:-1, max-image-preview:large, max-video-preview:-1\" \/>\n<link rel=\"canonical\" href=\"https:\/\/orthopaedie-rheinmain.de\/en\/ueber-uns\/gronemeier\/\" \/>\n<meta property=\"og:locale\" content=\"en_US\" \/>\n<meta property=\"og:type\" content=\"article\" \/>\n<meta property=\"og:title\" content=\"Dr. med. Uwe Gronemeier - Zentrum f&uuml;r Orthop&auml;die Rhein-Main\" \/>\n<meta property=\"og:url\" content=\"https:\/\/orthopaedie-rheinmain.de\/en\/ueber-uns\/gronemeier\/\" \/>\n<meta property=\"og:site_name\" content=\"Zentrum f&uuml;r Orthop&auml;die Rhein-Main\" \/>\n<meta property=\"article:modified_time\" content=\"2023-01-31T22:03:00+00:00\" \/>\n<meta name=\"twitter:card\" content=\"summary_large_image\" \/>\n<meta name=\"twitter:label1\" content=\"Est. reading time\" \/>\n\t<meta name=\"twitter:data1\" content=\"1 minute\" \/>\n<script type=\"application\/ld+json\" class=\"yoast-schema-graph\">{\"@context\":\"https:\\\/\\\/schema.org\",\"@graph\":[{\"@type\":\"WebPage\",\"@id\":\"https:\\\/\\\/orthopaedie-rheinmain.de\\\/ueber-uns\\\/gronemeier\\\/\",\"url\":\"https:\\\/\\\/orthopaedie-rheinmain.de\\\/ueber-uns\\\/gronemeier\\\/\",\"name\":\"Dr. med. Uwe Gronemeier - Zentrum f&uuml;r Orthop&auml;die Rhein-Main\",\"isPartOf\":{\"@id\":\"https:\\\/\\\/orthopaedie-rheinmain.de\\\/#website\"},\"datePublished\":\"2019-03-05T21:28:24+00:00\",\"dateModified\":\"2023-01-31T22:03:00+00:00\",\"breadcrumb\":{\"@id\":\"https:\\\/\\\/orthopaedie-rheinmain.de\\\/ueber-uns\\\/gronemeier\\\/#breadcrumb\"},\"inLanguage\":\"en-US\",\"potentialAction\":[{\"@type\":\"ReadAction\",\"target\":[\"https:\\\/\\\/orthopaedie-rheinmain.de\\\/ueber-uns\\\/gronemeier\\\/\"]}]},{\"@type\":\"BreadcrumbList\",\"@id\":\"https:\\\/\\\/orthopaedie-rheinmain.de\\\/ueber-uns\\\/gronemeier\\\/#breadcrumb\",\"itemListElement\":[{\"@type\":\"ListItem\",\"position\":1,\"name\":\"Startseite\",\"item\":\"https:\\\/\\\/orthopaedie-rheinmain.de\\\/\"},{\"@type\":\"ListItem\",\"position\":2,\"name\":\"\u00dcber uns\",\"item\":\"https:\\\/\\\/orthopaedie-rheinmain.de\\\/ueber-uns\\\/\"},{\"@type\":\"ListItem\",\"position\":3,\"name\":\"Dr. med. Uwe Gronemeier\"}]},{\"@type\":\"WebSite\",\"@id\":\"https:\\\/\\\/orthopaedie-rheinmain.de\\\/#website\",\"url\":\"https:\\\/\\\/orthopaedie-rheinmain.de\\\/\",\"name\":\"Zentrum f&uuml;r Orthop&auml;die Rhein-Main\",\"description\":\"Willkommen im Zentrum f\u00fcr Orthop\u00e4die Rhein-Main\",\"potentialAction\":[{\"@type\":\"SearchAction\",\"target\":{\"@type\":\"EntryPoint\",\"urlTemplate\":\"https:\\\/\\\/orthopaedie-rheinmain.de\\\/?s={search_term_string}\"},\"query-input\":{\"@type\":\"PropertyValueSpecification\",\"valueRequired\":true,\"valueName\":\"search_term_string\"}}],\"inLanguage\":\"en-US\"}]}<\/script>\n<!-- \/ Yoast SEO plugin. -->","yoast_head_json":{"title":"Dr. med. Uwe Gronemeier - Zentrum f&uuml;r Orthop&auml;die Rhein-Main","robots":{"index":"index","follow":"follow","max-snippet":"max-snippet:-1","max-image-preview":"max-image-preview:large","max-video-preview":"max-video-preview:-1"},"canonical":"https:\/\/orthopaedie-rheinmain.de\/en\/ueber-uns\/gronemeier\/","og_locale":"en_US","og_type":"article","og_title":"Dr. med. Uwe Gronemeier - Zentrum f&uuml;r Orthop&auml;die Rhein-Main","og_url":"https:\/\/orthopaedie-rheinmain.de\/en\/ueber-uns\/gronemeier\/","og_site_name":"Zentrum f&uuml;r Orthop&auml;die Rhein-Main","article_modified_time":"2023-01-31T22:03:00+00:00","twitter_card":"summary_large_image","twitter_misc":{"Est. reading time":"1 minute"},"schema":{"@context":"https:\/\/schema.org","@graph":[{"@type":"WebPage","@id":"https:\/\/orthopaedie-rheinmain.de\/ueber-uns\/gronemeier\/","url":"https:\/\/orthopaedie-rheinmain.de\/ueber-uns\/gronemeier\/","name":"Dr. med. Uwe Gronemeier - Zentrum f&uuml;r Orthop&auml;die Rhein-Main","isPartOf":{"@id":"https:\/\/orthopaedie-rheinmain.de\/#website"},"datePublished":"2019-03-05T21:28:24+00:00","dateModified":"2023-01-31T22:03:00+00:00","breadcrumb":{"@id":"https:\/\/orthopaedie-rheinmain.de\/ueber-uns\/gronemeier\/#breadcrumb"},"inLanguage":"en-US","potentialAction":[{"@type":"ReadAction","target":["https:\/\/orthopaedie-rheinmain.de\/ueber-uns\/gronemeier\/"]}]},{"@type":"BreadcrumbList","@id":"https:\/\/orthopaedie-rheinmain.de\/ueber-uns\/gronemeier\/#breadcrumb","itemListElement":[{"@type":"ListItem","position":1,"name":"Startseite","item":"https:\/\/orthopaedie-rheinmain.de\/"},{"@type":"ListItem","position":2,"name":"\u00dcber uns","item":"https:\/\/orthopaedie-rheinmain.de\/ueber-uns\/"},{"@type":"ListItem","position":3,"name":"Dr. med. Uwe Gronemeier"}]},{"@type":"WebSite","@id":"https:\/\/orthopaedie-rheinmain.de\/#website","url":"https:\/\/orthopaedie-rheinmain.de\/","name":"Rhine-Main Orthopedic Center","description":"Welcome to the Rhine-Main Orthopedic Center","potentialAction":[{"@type":"SearchAction","target":{"@type":"EntryPoint","urlTemplate":"https:\/\/orthopaedie-rheinmain.de\/?s={search_term_string}"},"query-input":{"@type":"PropertyValueSpecification","valueRequired":true,"valueName":"search_term_string"}}],"inLanguage":"en-US"}]}},"_links":{"self":[{"href":"https:\/\/orthopaedie-rheinmain.de\/en\/wp-json\/wp\/v2\/pages\/985","targetHints":{"allow":["GET"]}}],"collection":[{"href":"https:\/\/orthopaedie-rheinmain.de\/en\/wp-json\/wp\/v2\/pages"}],"about":[{"href":"https:\/\/orthopaedie-rheinmain.de\/en\/wp-json\/wp\/v2\/types\/page"}],"author":[{"embeddable":true,"href":"https:\/\/orthopaedie-rheinmain.de\/en\/wp-json\/wp\/v2\/users\/1"}],"replies":[{"embeddable":true,"href":"https:\/\/orthopaedie-rheinmain.de\/en\/wp-json\/wp\/v2\/comments?post=985"}],"version-history":[{"count":14,"href":"https:\/\/orthopaedie-rheinmain.de\/en\/wp-json\/wp\/v2\/pages\/985\/revisions"}],"predecessor-version":[{"id":10267,"href":"https:\/\/orthopaedie-rheinmain.de\/en\/wp-json\/wp\/v2\/pages\/985\/revisions\/10267"}],"up":[{"embeddable":true,"href":"https:\/\/orthopaedie-rheinmain.de\/en\/wp-json\/wp\/v2\/pages\/25"}],"wp:attachment":[{"href":"https:\/\/orthopaedie-rheinmain.de\/en\/wp-json\/wp\/v2\/media?parent=985"}],"curies":[{"name":"wp","href":"https:\/\/api.w.org\/{rel}","templated":true}]}}