{"id":69,"date":"2019-01-05T00:32:15","date_gmt":"2019-01-04T23:32:15","guid":{"rendered":"http:\/\/www.orthopaedie-rheinmain.de\/?page_id=69"},"modified":"2026-01-12T14:56:27","modified_gmt":"2026-01-12T13:56:27","slug":"onlineanfragen","status":"publish","type":"page","link":"https:\/\/orthopaedie-rheinmain.de\/en\/onlineanfragen\/","title":{"rendered":"online enquiries"},"content":{"rendered":"<div class=\"wpb-content-wrapper\"><div class=\"vc_row wpb_row vc_row-fluid\"><div class=\"wpb_column vc_column_container vc_col-sm-12\"><div class=\"vc_column-inner\"><div class=\"wpb_wrapper\">\n\t<div class=\"wpb_text_column wpb_content_element \" >\n\t\t<div class=\"wpb_wrapper\">\n\t\t\t<h2>Online Anfragen<\/h2>\n\n\t\t<\/div>\n\t<\/div>\n<\/div><\/div><\/div><div class=\"wpb_column vc_column_container vc_col-sm-12\"><div class=\"vc_column-inner\"><div class=\"wpb_wrapper\">\n\t<div class=\"wpb_text_column wpb_content_element \" >\n\t\t<div class=\"wpb_wrapper\">\n\t\t\t    <!-- stay on the page, after sending mail -->\n    <form class=\"custom-contact-form\" action=\"\" method=\"post\">\n        <h4 class=\"row-full\">Ihr Anliegen<\/h4>\n\n        <!-- intro -->\n        <div class=\"row-full\">\n            <label>\n                <span>Ich ben\u00f6tige ein\/en<\/span>\n                <select id=\"type\" name=\"type\" required default=\"termin\">\n                    <option value=\"\">Bitte w\u00e4hlen<\/option>\n                    <option value=\"rezept\">Rezept<\/option>\n                    <option value=\"termin\">Termin<\/option>\n                <\/select>\n            <\/label>\n\n            <label>\n                <span>in der Praxis in<\/span>\n                <select id=\"location\" name=\"location\" required default=\"B\">\n                    <option value=\"\">Bitte w\u00e4hlen<\/option>\n                    <option value=\"hofheim\">Hofheim<\/option>\n                    <option value=\"floersheim\">Fl\u00f6rsheim<\/option>\n                    <option value=\"hattersheim\">Hattersheim<\/option>\n                <\/select>\n            <\/label>\n        <\/div>\n\n        <h4 class=\"row-full rezept termin\">Weitere Informationen<\/h4>\n\n        <!-- kontaktdaten -->\n        <div class=\"row-half rezept termin vertical\">\n            <label for=\"\">Vor- und Nachname<\/label>\n\n            <div class=\"row-name\">\n                <select name=\"anrede\" required>\n                    <option value=\"\">Anrede<\/option>\n                    <option value=\"Herr\">Herr<\/option>\n                    <option value=\"Frau\">Frau<\/option>\n                    <option value=\"Divers\">Divers<\/option>\n                <\/select>\n                <input type=\"text\" name=\"name\" placeholder=\"Ihr Name\" required>\n            <\/div>\n        <\/div>\n\n        <div class=\"row-half label-col termin\">\n            <label for=\"\">Geburtsdatum:<\/label>\n            <input type=\"date\" name=\"geburtstag\" required pattern=\"\\d{2}\\.\\d{2}\\.\\d{4}\" max=\"2026-05-05\">\n        <\/div>\n\n        <div class=\"row-full label-col rezept termin\">\n            <label>Wie k\u00f6nnen wir Sie erreichen?<\/label>\n            <!-- mail pattern z.B. xxx@xxx.xx, but not xxx@xxx -->\n            <input type=\"email\" name=\"email\" placeholder=\"E-Mail-Adresse\" required>\n            <!-- allow +, 0-9, \" \" and - -->\n            <input type=\"tel\" name=\"telefon\" placeholder=\"Telefon oder Handy\" required pattern=\"[\\+0-9\\-\\s]{5,}\">\n        <\/div>\n\n        <!-- Neu -->\n        <div class=\"row-full termin\">\n            <label>\n                <span>Ich bin<\/span>\n                <select id=\"neu\" name=\"neu\" required>\n                    <option value=\"\">bitte w\u00e4hlen<\/option>\n                    <option value=\"neu\">neu<\/option>\n                    <option value=\"nicht neu\">nicht neu<\/option>\n                <\/select>\n                <span>bei Ihnen.<\/span>\n            <\/label>\n        <\/div>\n\n        <!-- Arzt -->\n        <div class=\"row-full label-col rezept termin\">\n            <label>W\u00fcnschen Sie einen bestimmten Arzt?<a href=\"\/about\/#nr4\">Hier geht es zu unserem Team<\/a><\/label>\n            <select id=\"arzt\" name=\"arzt\" required>\n                <option value=\"kein spezieller Wunsch\">kein spezieller Wunsch<\/option>\n                <option value=\"Dr. med. Michael Schneider\">Dr. med. Michael Schneider<\/option>\n                <option value=\"Dr. med. Uwe Gronemeier\">Dr. med. Uwe Gronemeier<\/option>\n                <option value=\"Dr. med. J\u00fcrgen Scholz\">Dr. med. J\u00fcrgen Scholz<\/option>\n                <option value=\"Dr. med. Harald Lehnert\">Dr. med. Harald Lehnert<\/option>\n                <option value=\"Dr. med. Axel Kuprian\">Dr. med. Axel Kuprian<\/option>\n                <option value=\"Dr. med. Mike Zeuner\">Dr. med. Mike Zeuner<\/option>\n                <option value=\"Dr. med. Imke Hecker\">Dr. med. Imke Hecker<\/option>\n                <option value=\"Dr. med. Tina Kremer\">Dr. med. Tina Kremer<\/option>\n            <\/select>\n\n        <\/div>\n\n\n        <!-- Krankenkasse -->\n        <div class=\"row-half vertical rezept termin\">\n            <label>Krankenkasse:<\/label>\n            <select id=\"krankenkasse\" name=\"krankenkasse\" required>\n                <option value=\"\">Krankenkasse w\u00e4hlen<\/option>\n                <option value=\"DAK\">DAK<\/option>\n                <option value=\"AOK\">AOK<\/option>\n                <option value=\"Techniker Krankenkasse\">Techniker Krankenkasse<\/option>\n                <option value=\"BarmerGEK\">BarmerGEK<\/option>\n                <option value=\"BKK\">BKK<\/option>\n                <option value=\"IKK\">IKK<\/option>\n                <option value=\"Private\">Private<\/option>\n                <option value=\"Andere gesetzliche Krankenkassen\">Andere gesetzliche Krankenkassen<\/option>\n            <\/select>\n        <\/div>\n\n        <!-- arbeitsunfall? -->\n        <div class=\"row-half vertical termin\">\n            <label>Handelt es sich um einen Arbeitsunfall?<\/label>\n            <select id=\"arbeitsunfall\" name=\"arbeitsunfall\" required>\n                <option value=\"nein\">Nein<\/option>\n                <option value=\"ja\">Ja, ein Arbeitsunfall<\/option>\n            <\/select>\n        <\/div>\n\n        <!-- wunsch termin (label-col + date + select with times) -->\n        <div class=\"row-full label-col termin\">\n            <label>Wunschtermin<\/label>\n            <input type=\"date\" name=\"termin\" required pattern=\"\\d{2}\\.\\d{2}\\.\\d{4}\" min=\"2026-05-05\">\n            <select id=\"terminzeit\" name=\"terminzeit\" required>\n                <option value=\"\">Wunschzeitraum w\u00e4hlen<\/option>\n                <option value=\"7:00 - 9:00 Uhr\">7:00 - 9:00 Uhr<\/option>\n                <option value=\"9:00 - 11:00 Uhr\">9:00 - 11:00 Uhr<\/option>\n                <option value=\"11:00 - 13:00 Uhr\">11:00 - 13:00 Uhr<\/option>\n                <option value=\"13:00 - 15:00 Uhr\">13:00 - 15:00 Uhr<\/option>\n                <option value=\"15:00 - 17:00 Uhr\">15:00 - 17:00 Uhr<\/option>\n                <option value=\"17:00 - 19:00 Uhr\">17:00 - 19:00 Uhr<\/option>\n                <option value=\"ich bin flexibel\">ich bin flexibel<\/option>\n            <\/select>\n        <\/div>\n\n        <!-- Erkl\u00e4rung -->\n        <div class=\"row-full vertical rezept termin\">\n            <label>Bitte erl\u00e4utern Sie kurz Ihren Wunsch<\/label>\n            <textarea name=\"nachricht\" placeholder=\"Bemerkung\" cols=\"20\" required><\/textarea>\n        <\/div>\n\n        <div class=\"turnstile-container\">\n                <div class=\"cf-turnstile\" data-sitekey=\"0x4AAAAAABTL7zVWNJsAPrn1\" data-callback=\"javascriptCallback\"><\/div>\n              <\/div>\n        <div class=\"row-full rezept termin\">\n            <input type=\"submit\" value=\"Anfrage senden\">\n        <\/div>\n\n    <\/form>\n\n\n    <script>\n        jQuery(document).ready(function($) {\n\n            \/\/ add display none to all rezept and termin elements\n            const rezept = $(\".rezept\");\n            const termin = $(\".termin\");\n\n            rezept.each(function() {\n                $(this).hide();\n            });\n\n            termin.each(function() {\n                $(this).hide();\n            });\n\n            \/\/ add event listener to type select\n            const formType = $(\"#type\");\n            const location = $(\"#location\");\n\n            \/\/ init required fields\n            const requiredFields = $(\"input, select, textarea\");\n            requiredFields.each(function() {\n                $(this).addClass(\"required\");\n            });\n\n            function updateForm() {\n\n                console.log(formType.val(), location.val());\n\n                const disable = (element) => {\n                    element.hide();\n                    element.find(\"input, select, textarea\").removeAttr(\"required\");\n                }\n\n                const enable = (element) => {\n                    element.show();\n                    element.find(\"input, select, textarea\").each(function() {\n                        if ($(this).hasClass(\"required\")) {\n                            $(this).attr(\"required\", \"\");\n                        }\n                    });\n                }\n\n                if (formType.val() === \"rezept\" && location.val() !== \"\") {\n\n                    termin.each((index, element) => disable($(element)));\n                    rezept.each((index, element) => enable($(element)));\n\n                } else if (formType.val() === \"termin\" && location.val() !== \"\") {\n\n                    rezept.each((index, element) => disable($(element)));\n                    termin.each((index, element) => enable($(element)));\n\n                } else {\n\n                    rezept.each((index, element) => disable($(element)));\n                    termin.each((index, element) => disable($(element)));\n                }\n\n            }\n\n            updateForm();\n\n            formType.change(updateForm);\n            location.change(updateForm);\n        });\n    <\/script>\n\n\n\t\t<\/div>\n\t<\/div>\n<\/div><\/div><\/div><\/div>\n<\/div>","protected":false},"excerpt":{"rendered":"<p>Online Anfragen Ihr Anliegen Ich ben\u00f6tige ein\/en Bitte w\u00e4hlen Rezept Termin in der Praxis in Bitte w\u00e4hlen Hofheim Fl\u00f6rsheim Hattersheim Weitere Informationen Vor- und Nachname Anrede Herr Frau Divers Geburtsdatum: Wie k\u00f6nnen wir Sie erreichen? Ich bin bitte w\u00e4hlen neu nicht neu bei Ihnen. W\u00fcnschen Sie einen bestimmten Arzt?Hier geht es zu unserem Team kein&hellip;<\/p>","protected":false},"author":1,"featured_media":0,"parent":0,"menu_order":0,"comment_status":"closed","ping_status":"closed","template":"","meta":{"footnotes":""},"class_list":["post-69","page","type-page","status-publish","hentry","description-off"],"yoast_head":"<!-- This site is optimized with the Yoast SEO plugin v27.5 - https:\/\/yoast.com\/product\/yoast-seo-wordpress\/ -->\n<title>Onlineanfragen - Zentrum f&uuml;r Orthop&auml;die Rhein-Main<\/title>\n<meta name=\"robots\" content=\"index, follow, max-snippet:-1, max-image-preview:large, max-video-preview:-1\" \/>\n<link rel=\"canonical\" href=\"https:\/\/orthopaedie-rheinmain.de\/en\/onlineanfragen\/\" \/>\n<meta property=\"og:locale\" content=\"en_US\" \/>\n<meta property=\"og:type\" content=\"article\" \/>\n<meta property=\"og:title\" content=\"Onlineanfragen - Zentrum f&uuml;r Orthop&auml;die Rhein-Main\" \/>\n<meta property=\"og:url\" content=\"https:\/\/orthopaedie-rheinmain.de\/en\/onlineanfragen\/\" \/>\n<meta property=\"og:site_name\" content=\"Zentrum f&uuml;r Orthop&auml;die Rhein-Main\" \/>\n<meta property=\"article:modified_time\" content=\"2026-01-12T13:56:27+00:00\" \/>\n<meta name=\"twitter:card\" content=\"summary_large_image\" \/>\n<meta name=\"twitter:label1\" content=\"Est. reading time\" \/>\n\t<meta name=\"twitter:data1\" content=\"1 minute\" \/>\n<script type=\"application\/ld+json\" class=\"yoast-schema-graph\">{\"@context\":\"https:\\\/\\\/schema.org\",\"@graph\":[{\"@type\":\"WebPage\",\"@id\":\"https:\\\/\\\/orthopaedie-rheinmain.de\\\/onlineanfragen\\\/\",\"url\":\"https:\\\/\\\/orthopaedie-rheinmain.de\\\/onlineanfragen\\\/\",\"name\":\"Onlineanfragen - Zentrum f&uuml;r Orthop&auml;die Rhein-Main\",\"isPartOf\":{\"@id\":\"https:\\\/\\\/orthopaedie-rheinmain.de\\\/#website\"},\"datePublished\":\"2019-01-04T23:32:15+00:00\",\"dateModified\":\"2026-01-12T13:56:27+00:00\",\"breadcrumb\":{\"@id\":\"https:\\\/\\\/orthopaedie-rheinmain.de\\\/onlineanfragen\\\/#breadcrumb\"},\"inLanguage\":\"en-US\",\"potentialAction\":[{\"@type\":\"ReadAction\",\"target\":[\"https:\\\/\\\/orthopaedie-rheinmain.de\\\/onlineanfragen\\\/\"]}]},{\"@type\":\"BreadcrumbList\",\"@id\":\"https:\\\/\\\/orthopaedie-rheinmain.de\\\/onlineanfragen\\\/#breadcrumb\",\"itemListElement\":[{\"@type\":\"ListItem\",\"position\":1,\"name\":\"Startseite\",\"item\":\"https:\\\/\\\/orthopaedie-rheinmain.de\\\/\"},{\"@type\":\"ListItem\",\"position\":2,\"name\":\"Onlineanfragen\"}]},{\"@type\":\"WebSite\",\"@id\":\"https:\\\/\\\/orthopaedie-rheinmain.de\\\/#website\",\"url\":\"https:\\\/\\\/orthopaedie-rheinmain.de\\\/\",\"name\":\"Zentrum f&uuml;r Orthop&auml;die Rhein-Main\",\"description\":\"Willkommen im Zentrum f\u00fcr Orthop\u00e4die Rhein-Main\",\"potentialAction\":[{\"@type\":\"SearchAction\",\"target\":{\"@type\":\"EntryPoint\",\"urlTemplate\":\"https:\\\/\\\/orthopaedie-rheinmain.de\\\/?s={search_term_string}\"},\"query-input\":{\"@type\":\"PropertyValueSpecification\",\"valueRequired\":true,\"valueName\":\"search_term_string\"}}],\"inLanguage\":\"en-US\"}]}<\/script>\n<!-- \/ Yoast SEO plugin. -->","yoast_head_json":{"title":"Onlineanfragen - Zentrum f&uuml;r Orthop&auml;die Rhein-Main","robots":{"index":"index","follow":"follow","max-snippet":"max-snippet:-1","max-image-preview":"max-image-preview:large","max-video-preview":"max-video-preview:-1"},"canonical":"https:\/\/orthopaedie-rheinmain.de\/en\/onlineanfragen\/","og_locale":"en_US","og_type":"article","og_title":"Onlineanfragen - Zentrum f&uuml;r Orthop&auml;die Rhein-Main","og_url":"https:\/\/orthopaedie-rheinmain.de\/en\/onlineanfragen\/","og_site_name":"Zentrum f&uuml;r Orthop&auml;die Rhein-Main","article_modified_time":"2026-01-12T13:56:27+00:00","twitter_card":"summary_large_image","twitter_misc":{"Est. reading time":"1 minute"},"schema":{"@context":"https:\/\/schema.org","@graph":[{"@type":"WebPage","@id":"https:\/\/orthopaedie-rheinmain.de\/onlineanfragen\/","url":"https:\/\/orthopaedie-rheinmain.de\/onlineanfragen\/","name":"Onlineanfragen - Zentrum f&uuml;r Orthop&auml;die Rhein-Main","isPartOf":{"@id":"https:\/\/orthopaedie-rheinmain.de\/#website"},"datePublished":"2019-01-04T23:32:15+00:00","dateModified":"2026-01-12T13:56:27+00:00","breadcrumb":{"@id":"https:\/\/orthopaedie-rheinmain.de\/onlineanfragen\/#breadcrumb"},"inLanguage":"en-US","potentialAction":[{"@type":"ReadAction","target":["https:\/\/orthopaedie-rheinmain.de\/onlineanfragen\/"]}]},{"@type":"BreadcrumbList","@id":"https:\/\/orthopaedie-rheinmain.de\/onlineanfragen\/#breadcrumb","itemListElement":[{"@type":"ListItem","position":1,"name":"Startseite","item":"https:\/\/orthopaedie-rheinmain.de\/"},{"@type":"ListItem","position":2,"name":"Onlineanfragen"}]},{"@type":"WebSite","@id":"https:\/\/orthopaedie-rheinmain.de\/#website","url":"https:\/\/orthopaedie-rheinmain.de\/","name":"Rhine-Main Orthopedic Center","description":"Welcome to the Rhine-Main Orthopedic Center","potentialAction":[{"@type":"SearchAction","target":{"@type":"EntryPoint","urlTemplate":"https:\/\/orthopaedie-rheinmain.de\/?s={search_term_string}"},"query-input":{"@type":"PropertyValueSpecification","valueRequired":true,"valueName":"search_term_string"}}],"inLanguage":"en-US"}]}},"_links":{"self":[{"href":"https:\/\/orthopaedie-rheinmain.de\/en\/wp-json\/wp\/v2\/pages\/69","targetHints":{"allow":["GET"]}}],"collection":[{"href":"https:\/\/orthopaedie-rheinmain.de\/en\/wp-json\/wp\/v2\/pages"}],"about":[{"href":"https:\/\/orthopaedie-rheinmain.de\/en\/wp-json\/wp\/v2\/types\/page"}],"author":[{"embeddable":true,"href":"https:\/\/orthopaedie-rheinmain.de\/en\/wp-json\/wp\/v2\/users\/1"}],"replies":[{"embeddable":true,"href":"https:\/\/orthopaedie-rheinmain.de\/en\/wp-json\/wp\/v2\/comments?post=69"}],"version-history":[{"count":27,"href":"https:\/\/orthopaedie-rheinmain.de\/en\/wp-json\/wp\/v2\/pages\/69\/revisions"}],"predecessor-version":[{"id":12570,"href":"https:\/\/orthopaedie-rheinmain.de\/en\/wp-json\/wp\/v2\/pages\/69\/revisions\/12570"}],"wp:attachment":[{"href":"https:\/\/orthopaedie-rheinmain.de\/en\/wp-json\/wp\/v2\/media?parent=69"}],"curies":[{"name":"wp","href":"https:\/\/api.w.org\/{rel}","templated":true}]}}