{"id":1534,"date":"2019-11-19T22:22:11","date_gmt":"2019-11-19T21:22:11","guid":{"rendered":"http:\/\/www.orthopaedie-rheinmain.de\/?page_id=1534"},"modified":"2023-01-31T23:04:12","modified_gmt":"2023-01-31T22:04:12","slug":"zeuner","status":"publish","type":"page","link":"https:\/\/orthopaedie-rheinmain.de\/en\/ueber-uns\/zeuner\/","title":{"rendered":"Dr. med. Mike Zeuner"},"content":{"rendered":"<div class=\"wpb-content-wrapper\"><div class=\"vc_row wpb_row vc_row-fluid team-member vc_row-o-equal-height vc_row-o-content-middle vc_row-flex\"><div class=\"wpb_column vc_column_container vc_col-sm-12\"><div class=\"vc_column-inner\"><div class=\"wpb_wrapper\">\n\t<div class=\"wpb_text_column wpb_content_element\" >\n\t\t<div class=\"wpb_wrapper\">\n\t\t\t<h2 id=\"ORM#002.02Text&quot;\u00dcberUns&quot;-Dr.med.HaraldLehnert\">Dr. med. Mike Zeuner<\/h2>\n\n\t\t<\/div>\n\t<\/div>\n\n\t<div class=\"wpb_text_column wpb_content_element\" >\n\t\t<div class=\"wpb_wrapper\">\n\t\t\t<h3>Specialist for Orthopaedics and Trauma Surgery<\/h3>\n\n\t\t<\/div>\n\t<\/div>\n<\/div><\/div><\/div><div class=\"wpb_column vc_column_container vc_col-sm-6\"><div class=\"vc_column-inner\"><div class=\"wpb_wrapper\">\n\t<div  class=\"wpb_single_image wpb_content_element vc_align_center\">\n\t\t\n\t\t<figure class=\"wpb_wrapper vc_figure\">\n\t\t\t<div class=\"vc_single_image-wrapper   vc_box_border_grey\"><img loading=\"lazy\" decoding=\"async\" width=\"2560\" height=\"1707\" src=\"https:\/\/orthopaedie-rheinmain.de\/wp-content\/uploads\/2023_zeuner-scaled.jpg\" class=\"vc_single_image-img attachment-full\" alt=\"Dr. med. Mike Zeuner\" title=\"2023_zeuner\" srcset=\"https:\/\/orthopaedie-rheinmain.de\/wp-content\/uploads\/2023_zeuner-scaled.jpg 2560w, https:\/\/orthopaedie-rheinmain.de\/wp-content\/uploads\/2023_zeuner-300x200.jpg 300w, https:\/\/orthopaedie-rheinmain.de\/wp-content\/uploads\/2023_zeuner-1024x683.jpg 1024w, https:\/\/orthopaedie-rheinmain.de\/wp-content\/uploads\/2023_zeuner-768x512.jpg 768w, https:\/\/orthopaedie-rheinmain.de\/wp-content\/uploads\/2023_zeuner-1536x1024.jpg 1536w, https:\/\/orthopaedie-rheinmain.de\/wp-content\/uploads\/2023_zeuner-2048x1365.jpg 2048w, https:\/\/orthopaedie-rheinmain.de\/wp-content\/uploads\/2023_zeuner-18x12.jpg 18w\" sizes=\"auto, (max-width: 2560px) 100vw, 2560px\"  data-dt-location=\"https:\/\/orthopaedie-rheinmain.de\/en\/2023_zeuner\/\" \/><\/div>\n\t\t<\/figure>\n\t<\/div>\n<\/div><\/div><\/div><div class=\"wpb_column vc_column_container vc_col-sm-6\"><div class=\"vc_column-inner\"><div class=\"wpb_wrapper\">\n\t<div class=\"wpb_text_column wpb_content_element\" >\n\t\t<div class=\"wpb_wrapper\">\n\t\t\t<h5>The attentiveness that we show when operating must not be lost when leaving the operating theatre.<\/h5>\n<p style=\"text-align: right;\">Prof. Dr. A. Larena- Avellaneda<\/p>\n\n\t\t<\/div>\n\t<\/div>\n<\/div><\/div><\/div><\/div><div data-vc-full-width=\"true\" data-vc-full-width-temp=\"true\" data-vc-full-width-init=\"false\" class=\"vc_row wpb_row vc_row-fluid team-member vc_custom_1551819565078 vc_row-has-fill vc_row-o-equal-height vc_row-flex\"><div class=\"wpb_column vc_column_container vc_col-sm-6\"><div class=\"vc_column-inner\"><div class=\"wpb_wrapper\">\n\t<div class=\"wpb_text_column wpb_content_element\" >\n\t\t<div class=\"wpb_wrapper\">\n\t\t\t<p><strong>Specialties<\/strong><\/p>\n<ul>\n<li>Orthopaedics<\/li>\n<li>Trauma surgery<\/li>\n<li>Special accident surgery<\/li>\n<li>D- Doctor<\/li>\n<li>Emergency medicine<\/li>\n<li>Spinal surgery<\/li>\n<li>X-ray diagnostics -specialized-<\/li>\n<\/ul>\n\n\t\t<\/div>\n\t<\/div>\n\n\t<div class=\"wpb_text_column wpb_content_element\" >\n\t\t<div class=\"wpb_wrapper\">\n\t\t\t<p><strong>Location<\/strong><\/p>\n<p>Fl\u00f6rsheim and Hofheim<\/p>\n\n\t\t<\/div>\n\t<\/div>\n\n\t<div class=\"wpb_text_column wpb_content_element\" >\n\t\t<div class=\"wpb_wrapper\">\n\t\t\t<p><strong>Focal points<\/strong><\/p>\n<p>Surgical orthopaedics and trauma surgery:<\/p>\n<ul>\n<li><a href=\"https:\/\/orthopaedie-rheinmain.de\/en\/leistungen-und-schwerpunkte\/operationen\/huefte\/\">Endoprosthetics of shoulder, hip and knee joints<\/a><\/li>\n<li><a href=\"https:\/\/orthopaedie-rheinmain.de\/en\/leistungen-und-schwerpunkte\/operationen\/vorfusschirurgie\/\">Foot surgery with e.g. surgical correction of hallux valgus, hammer toes and claw toes<\/a><\/li>\n<li><a href=\"https:\/\/orthopaedie-rheinmain.de\/en\/leistungen-und-schwerpunkte\/operationen\/handchirurgie\/\">Hand surgery with e.g. carpal tunnel splitting, rapid finger or ganglion removal<\/a><\/li>\n<li>Operations of the trauma surgical spectrum and <a href=\"https:\/\/orthopaedie-rheinmain.de\/en\/leistungen-und-schwerpunkte\/operationen\/implantatentfernungen\/\">metal removal<\/a><\/li>\n<\/ul>\n\n\t\t<\/div>\n\t<\/div>\n<\/div><\/div><\/div><div class=\"wpb_column vc_column_container vc_col-sm-6\"><div class=\"vc_column-inner\"><div class=\"wpb_wrapper\">\n\t<div class=\"wpb_text_column wpb_content_element\" >\n\t\t<div class=\"wpb_wrapper\">\n\t\t\t<p><strong>Curriculum vitae<\/strong><\/p>\n<ol>\n<li><strong>2016 &#8211; 2019:<\/strong><br \/>\nSenior Physician at the Hochtaunus Kliniken Usingen, D-Arzt and Head of the Orthopaedics and Trauma Surgery Department with a focus on endoprosthetics and foot surgery.<\/li>\n<li><strong>2012 &#8211; 2015:<\/strong><br \/>\nSenior Physician of the Hochtaunus Kliniken Bad Homburg, Chief Physician Prof. Dr. med. Matthias Hansen<\/li>\n<li><strong>2010 &#8211; 2011:<\/strong><br \/>\nSpecialist in Orthopaedics and Trauma Surgery at the BG Trauma Clinic Frankfurt am Main, Medical Director Prof. Dr. Dr. med. Reinhard Hoffmann<\/li>\n<li><strong>2009 &#8211; 2010:<\/strong><br \/>\nAssistant physician at the Orthopaedic Clinic Frankfurt - H\u00f6chst, Chief Physician Prof. Dr. med. Louis Hovy<\/li>\n<li><strong>2001 &#8211; 2009:<\/strong><br \/>\nAssistant physician at the <a href=\"https:\/\/www.bgu-frankfurt.de\/\">BG Trauma Clinic Frankfurt am Main<\/a><\/li>\n<li><strong>2006:<\/strong><br \/>\nAward of the doctorate in medicine for the doctoral thesis: \"Verification of the necessity of a routine pre- and postoperative vocal fold examination under recording of the clinic's own complication rate in thyroid surgery\" at the <a href=\"https:\/\/www.ukgm.de\/ugm_2\/deu\/umr_ach\/index.html\">Centre for Visceral, Thoracic and Vascular Surgery of the Philipps University Marburg<\/a> with Prof. Dr. med. Matthias Rothmund<\/li>\n<\/ol>\n\n\t\t<\/div>\n\t<\/div>\n<\/div><\/div><\/div><\/div><div class=\"vc_row-full-width vc_clearfix\"><\/div>\n<\/div>","protected":false},"excerpt":{"rendered":"<p>Dr. med. Mike Zeuner Facharzt f\u00fcr Orthop\u00e4die und Unfallchirurgie Die Achtsamkeit, die wir beim Operieren an den Tag legen, darf mit Verlassen des Operationssaals nicht abgelegt werden. Prof. Dr. A. Larena- Avellaneda Fachgebiete Orthop\u00e4die Unfallchirurgie Spezielle Unfallchirurgie D- Arzt Notfallmedizin Wirbels\u00e4ulenchirurgie R\u00f6ntgendiagnostik -fachgebunden- Standort Fl\u00f6rsheim und Hofheim Schwerpunkte Operative Orthop\u00e4die und Unfallchirurgie: Endoprothetik von Schulter-&hellip;<\/p>","protected":false},"author":1,"featured_media":0,"parent":25,"menu_order":0,"comment_status":"closed","ping_status":"closed","template":"","meta":{"footnotes":""},"class_list":["post-1534","page","type-page","status-publish","hentry","description-off"],"yoast_head":"<!-- This site is optimized with the Yoast SEO plugin v27.5 - https:\/\/yoast.com\/product\/yoast-seo-wordpress\/ -->\n<title>Dr. med. Mike Zeuner - Zentrum f&uuml;r Orthop&auml;die Rhein-Main<\/title>\n<meta name=\"robots\" content=\"index, follow, max-snippet:-1, max-image-preview:large, max-video-preview:-1\" \/>\n<link rel=\"canonical\" href=\"https:\/\/orthopaedie-rheinmain.de\/en\/ueber-uns\/zeuner\/\" \/>\n<meta property=\"og:locale\" content=\"en_US\" \/>\n<meta property=\"og:type\" content=\"article\" \/>\n<meta property=\"og:title\" content=\"Dr. med. Mike Zeuner - Zentrum f&uuml;r Orthop&auml;die Rhein-Main\" \/>\n<meta property=\"og:url\" content=\"https:\/\/orthopaedie-rheinmain.de\/en\/ueber-uns\/zeuner\/\" \/>\n<meta property=\"og:site_name\" content=\"Zentrum f&uuml;r Orthop&auml;die Rhein-Main\" \/>\n<meta property=\"article:modified_time\" content=\"2023-01-31T22:04:12+00:00\" \/>\n<meta name=\"twitter:card\" content=\"summary_large_image\" \/>\n<meta name=\"twitter:label1\" content=\"Est. reading time\" \/>\n\t<meta name=\"twitter:data1\" content=\"2 minutes\" \/>\n<script type=\"application\/ld+json\" class=\"yoast-schema-graph\">{\"@context\":\"https:\\\/\\\/schema.org\",\"@graph\":[{\"@type\":\"WebPage\",\"@id\":\"https:\\\/\\\/orthopaedie-rheinmain.de\\\/ueber-uns\\\/zeuner\\\/\",\"url\":\"https:\\\/\\\/orthopaedie-rheinmain.de\\\/ueber-uns\\\/zeuner\\\/\",\"name\":\"Dr. med. Mike Zeuner - Zentrum f&uuml;r Orthop&auml;die Rhein-Main\",\"isPartOf\":{\"@id\":\"https:\\\/\\\/orthopaedie-rheinmain.de\\\/#website\"},\"datePublished\":\"2019-11-19T21:22:11+00:00\",\"dateModified\":\"2023-01-31T22:04:12+00:00\",\"breadcrumb\":{\"@id\":\"https:\\\/\\\/orthopaedie-rheinmain.de\\\/ueber-uns\\\/zeuner\\\/#breadcrumb\"},\"inLanguage\":\"en-US\",\"potentialAction\":[{\"@type\":\"ReadAction\",\"target\":[\"https:\\\/\\\/orthopaedie-rheinmain.de\\\/ueber-uns\\\/zeuner\\\/\"]}]},{\"@type\":\"BreadcrumbList\",\"@id\":\"https:\\\/\\\/orthopaedie-rheinmain.de\\\/ueber-uns\\\/zeuner\\\/#breadcrumb\",\"itemListElement\":[{\"@type\":\"ListItem\",\"position\":1,\"name\":\"Startseite\",\"item\":\"https:\\\/\\\/orthopaedie-rheinmain.de\\\/\"},{\"@type\":\"ListItem\",\"position\":2,\"name\":\"\u00dcber uns\",\"item\":\"https:\\\/\\\/orthopaedie-rheinmain.de\\\/ueber-uns\\\/\"},{\"@type\":\"ListItem\",\"position\":3,\"name\":\"Dr. med. Mike Zeuner\"}]},{\"@type\":\"WebSite\",\"@id\":\"https:\\\/\\\/orthopaedie-rheinmain.de\\\/#website\",\"url\":\"https:\\\/\\\/orthopaedie-rheinmain.de\\\/\",\"name\":\"Zentrum f&uuml;r Orthop&auml;die Rhein-Main\",\"description\":\"Willkommen im Zentrum f\u00fcr Orthop\u00e4die Rhein-Main\",\"potentialAction\":[{\"@type\":\"SearchAction\",\"target\":{\"@type\":\"EntryPoint\",\"urlTemplate\":\"https:\\\/\\\/orthopaedie-rheinmain.de\\\/?s={search_term_string}\"},\"query-input\":{\"@type\":\"PropertyValueSpecification\",\"valueRequired\":true,\"valueName\":\"search_term_string\"}}],\"inLanguage\":\"en-US\"}]}<\/script>\n<!-- \/ Yoast SEO plugin. -->","yoast_head_json":{"title":"Dr. med. Mike Zeuner - Zentrum f&uuml;r Orthop&auml;die Rhein-Main","robots":{"index":"index","follow":"follow","max-snippet":"max-snippet:-1","max-image-preview":"max-image-preview:large","max-video-preview":"max-video-preview:-1"},"canonical":"https:\/\/orthopaedie-rheinmain.de\/en\/ueber-uns\/zeuner\/","og_locale":"en_US","og_type":"article","og_title":"Dr. med. Mike Zeuner - Zentrum f&uuml;r Orthop&auml;die Rhein-Main","og_url":"https:\/\/orthopaedie-rheinmain.de\/en\/ueber-uns\/zeuner\/","og_site_name":"Zentrum f&uuml;r Orthop&auml;die Rhein-Main","article_modified_time":"2023-01-31T22:04:12+00:00","twitter_card":"summary_large_image","twitter_misc":{"Est. reading time":"2 minutes"},"schema":{"@context":"https:\/\/schema.org","@graph":[{"@type":"WebPage","@id":"https:\/\/orthopaedie-rheinmain.de\/ueber-uns\/zeuner\/","url":"https:\/\/orthopaedie-rheinmain.de\/ueber-uns\/zeuner\/","name":"Dr. med. Mike Zeuner - Zentrum f&uuml;r Orthop&auml;die Rhein-Main","isPartOf":{"@id":"https:\/\/orthopaedie-rheinmain.de\/#website"},"datePublished":"2019-11-19T21:22:11+00:00","dateModified":"2023-01-31T22:04:12+00:00","breadcrumb":{"@id":"https:\/\/orthopaedie-rheinmain.de\/ueber-uns\/zeuner\/#breadcrumb"},"inLanguage":"en-US","potentialAction":[{"@type":"ReadAction","target":["https:\/\/orthopaedie-rheinmain.de\/ueber-uns\/zeuner\/"]}]},{"@type":"BreadcrumbList","@id":"https:\/\/orthopaedie-rheinmain.de\/ueber-uns\/zeuner\/#breadcrumb","itemListElement":[{"@type":"ListItem","position":1,"name":"Startseite","item":"https:\/\/orthopaedie-rheinmain.de\/"},{"@type":"ListItem","position":2,"name":"\u00dcber uns","item":"https:\/\/orthopaedie-rheinmain.de\/ueber-uns\/"},{"@type":"ListItem","position":3,"name":"Dr. med. Mike Zeuner"}]},{"@type":"WebSite","@id":"https:\/\/orthopaedie-rheinmain.de\/#website","url":"https:\/\/orthopaedie-rheinmain.de\/","name":"Rhine-Main Orthopedic Center","description":"Welcome to the Rhine-Main Orthopedic Center","potentialAction":[{"@type":"SearchAction","target":{"@type":"EntryPoint","urlTemplate":"https:\/\/orthopaedie-rheinmain.de\/?s={search_term_string}"},"query-input":{"@type":"PropertyValueSpecification","valueRequired":true,"valueName":"search_term_string"}}],"inLanguage":"en-US"}]}},"_links":{"self":[{"href":"https:\/\/orthopaedie-rheinmain.de\/en\/wp-json\/wp\/v2\/pages\/1534","targetHints":{"allow":["GET"]}}],"collection":[{"href":"https:\/\/orthopaedie-rheinmain.de\/en\/wp-json\/wp\/v2\/pages"}],"about":[{"href":"https:\/\/orthopaedie-rheinmain.de\/en\/wp-json\/wp\/v2\/types\/page"}],"author":[{"embeddable":true,"href":"https:\/\/orthopaedie-rheinmain.de\/en\/wp-json\/wp\/v2\/users\/1"}],"replies":[{"embeddable":true,"href":"https:\/\/orthopaedie-rheinmain.de\/en\/wp-json\/wp\/v2\/comments?post=1534"}],"version-history":[{"count":19,"href":"https:\/\/orthopaedie-rheinmain.de\/en\/wp-json\/wp\/v2\/pages\/1534\/revisions"}],"predecessor-version":[{"id":10271,"href":"https:\/\/orthopaedie-rheinmain.de\/en\/wp-json\/wp\/v2\/pages\/1534\/revisions\/10271"}],"up":[{"embeddable":true,"href":"https:\/\/orthopaedie-rheinmain.de\/en\/wp-json\/wp\/v2\/pages\/25"}],"wp:attachment":[{"href":"https:\/\/orthopaedie-rheinmain.de\/en\/wp-json\/wp\/v2\/media?parent=1534"}],"curies":[{"name":"wp","href":"https:\/\/api.w.org\/{rel}","templated":true}]}}