{"id":12504,"date":"2025-06-13T16:01:14","date_gmt":"2025-06-13T15:01:14","guid":{"rendered":"https:\/\/orthopaedie-rheinmain.de\/?page_id=12504"},"modified":"2025-06-13T16:18:44","modified_gmt":"2025-06-13T15:18:44","slug":"erklaerung-zur-barrierefreiheit","status":"publish","type":"page","link":"https:\/\/orthopaedie-rheinmain.de\/en\/erklaerung-zur-barrierefreiheit\/","title":{"rendered":"Accessibility statement"},"content":{"rendered":"<div class=\"wpb-content-wrapper\"><div class=\"vc_row wpb_row vc_row-fluid\"><div class=\"wpb_column vc_column_container vc_col-sm-12\"><div class=\"vc_column-inner\"><div class=\"wpb_wrapper\">\n\t<div class=\"wpb_text_column wpb_content_element\" >\n\t\t<div class=\"wpb_wrapper\">\n\t\t\t<h2>Accessibility statement<\/h2>\n<h3>Einleitung<\/h3>\n<p>Die <a href=\"https:\/\/orthopaedie-rheinmain.de\/en\/\">Zentrum f\u00fcr Orthop\u00e4die Rhein-Main<\/a> ist bem\u00fcht, ihre Website im Einklang mit den nationalen Rechtsvorschriften zur Barrierefreiheit barrierefrei zug\u00e4nglich zu machen. Diese Erkl\u00e4rung zur Barrierefreiheit gilt f\u00fcr die Website <a href=\"https:\/\/orthopaedie-rheinmain.de\/en\/\">https:\/\/orthopaedie-rheinmain.de<\/a>.<\/p>\n<h3>Stand der Vereinbarkeit mit den Anforderungen<\/h3>\n<p>Diese Website ist teilweise mit den Anforderungen der Barrierefreien-Informationstechnik-Verordnung (BITV 2.0) vereinbar. Die Bewertung basiert auf einer Selbstbewertung unter Verwendung von Tools wie axe-core und manuellen Tests mit Tastaturnavigation und Apple VoiceOver.<\/p>\n<h3>Nicht barrierefreie Inhalte<\/h3>\n<p>Einige Verfahren und Inhalte sind derzeit noch nicht vollst\u00e4ndig barrierefrei. Wir arbeiten kontinuierlich daran, diese Barrieren zu identifizieren und zu beseitigen.<\/p>\n<h3>Erstellung dieser Erkl\u00e4rung zur Barrierefreiheit<\/h3>\n<ul>\n<li><strong>Erstellungsdatum<\/strong><br \/>\nMai 2025<\/li>\n<li><strong>Letzte \u00dcberpr\u00fcfung<\/strong><br \/>\nMai 2025<\/li>\n<li><strong>Bewertungsmethode<br \/>\n<\/strong>Selbstbewertung mittels automatisierter Tools und manueller Tests<\/li>\n<\/ul>\n<h3>Feedback und Kontaktangaben<\/h3>\n<p>Wir freuen uns \u00fcber Ihr Feedback zur Barrierefreiheit unserer Website. Sollten Sie auf Barrieren sto\u00dfen oder Anregungen haben, kontaktieren Sie uns bitte:<\/p>\n<ul>\n<li><strong>E-Mail:<\/strong> <a href=\"mailto:info@orthopaedie-rheinmain.de\">info@orthopaedie-rheinmain.de<\/a><\/li>\n<li><strong>Telefon:<\/strong> 06192 &#8211; 92 96 0<\/li>\n<li><strong>Kontaktformular:<\/strong>\u00a0<a href=\"https:\/\/orthopaedie-rheinmain.de\/en\/kontakt-und-fragen\/\">Contact and Questions<\/a><\/li>\n<\/ul>\n<p>Wir bem\u00fchen uns, alle Anfragen innerhalb eines Monats zu beantworten.<\/p>\n<h3>Durchsetzungsverfahren<\/h3>\n<p>Sollten Sie innerhalb eines Monats keine zufriedenstellende Antwort auf Ihr Feedback erhalten, k\u00f6nnen Sie sich an die Durchsetzungs- und \u00dcberwachungsstelle Barrierefreie Informationstechnik wenden:<\/p>\n<p><strong>Durchsetzungs- und \u00dcberwachungsstelle Barrierefreie Informationstechnik<\/strong><br \/>\nRegierungspr\u00e4sidium Gie\u00dfen<br \/>\nLandgraf-Philipp-Platz 1-7<br \/>\n35390 Gie\u00dfen<br \/>\nTelefon: <a class=\"d-flex kontakt__link outline-offset--outside\" title=\"+49 641 303-2902\" href=\"tel:%2B49641303-2902\"><span class=\"link-text value\">+49 641 303-2902<\/span><\/a><br \/>\nE-Mail: <a class=\"d-flex kontakt__link outline-offset--outside\" title=\"LBIT@rpgi.hessen.de\" href=\"mailto:LBIT@rpgi.hessen.de\"><span class=\"link-text value\">LBIT@rpgi.hessen.de<\/span><\/a><br \/>\nWebsite: <a href=\"https:\/\/lbit.hessen.de\/\">https:\/\/lbit.hessen.de\/<\/a><\/p>\n<h3>Zus\u00e4tzliche Informationen<\/h3>\n<ul>\n<li><strong>Leichte Sprache:<\/strong> Ist gegeben.<\/li>\n<li><strong>Geb\u00e4rdensprache:<\/strong> Derzeit sind keine Inhalte in Deutscher Geb\u00e4rdensprache verf\u00fcgbar.<\/li>\n<li><strong>Aktualisierungen:<\/strong> Unsere Website wird regelm\u00e4\u00dfig aktualisiert, um die Barrierefreiheit kontinuierlich zu verbessern.<\/li>\n<\/ul>\n\n\t\t<\/div>\n\t<\/div>\n<\/div><\/div><\/div><\/div>\n<\/div>","protected":false},"excerpt":{"rendered":"<p>Erkl\u00e4rung zur Barrierefreiheit Einleitung Die Zentrum f\u00fcr Orthop\u00e4die Rhein-Main ist bem\u00fcht, ihre Website im Einklang mit den nationalen Rechtsvorschriften zur Barrierefreiheit barrierefrei zug\u00e4nglich zu machen. Diese Erkl\u00e4rung zur Barrierefreiheit gilt f\u00fcr die Website https:\/\/orthopaedie-rheinmain.de. Stand der Vereinbarkeit mit den Anforderungen Diese Website ist teilweise mit den Anforderungen der Barrierefreien-Informationstechnik-Verordnung (BITV 2.0) vereinbar. Die Bewertung basiert&hellip;<\/p>","protected":false},"author":1,"featured_media":0,"parent":0,"menu_order":0,"comment_status":"closed","ping_status":"closed","template":"","meta":{"footnotes":""},"class_list":["post-12504","page","type-page","status-publish","hentry","description-off"],"yoast_head":"<!-- This site is optimized with the Yoast SEO plugin v27.5 - https:\/\/yoast.com\/product\/yoast-seo-wordpress\/ -->\n<title>Erkl\u00e4rung zur Barrierefreiheit - Zentrum f&uuml;r Orthop&auml;die Rhein-Main<\/title>\n<meta name=\"robots\" content=\"index, follow, max-snippet:-1, max-image-preview:large, max-video-preview:-1\" \/>\n<link rel=\"canonical\" href=\"https:\/\/orthopaedie-rheinmain.de\/en\/erklaerung-zur-barrierefreiheit\/\" \/>\n<meta property=\"og:locale\" content=\"en_US\" \/>\n<meta property=\"og:type\" content=\"article\" \/>\n<meta property=\"og:title\" content=\"Erkl\u00e4rung zur Barrierefreiheit - Zentrum f&uuml;r Orthop&auml;die Rhein-Main\" \/>\n<meta property=\"og:url\" content=\"https:\/\/orthopaedie-rheinmain.de\/en\/erklaerung-zur-barrierefreiheit\/\" \/>\n<meta property=\"og:site_name\" content=\"Zentrum f&uuml;r Orthop&auml;die Rhein-Main\" \/>\n<meta property=\"article:modified_time\" content=\"2025-06-13T15:18:44+00:00\" \/>\n<meta name=\"twitter:card\" content=\"summary_large_image\" \/>\n<meta name=\"twitter:label1\" content=\"Est. reading time\" \/>\n\t<meta name=\"twitter:data1\" content=\"2 minutes\" \/>\n<script type=\"application\/ld+json\" class=\"yoast-schema-graph\">{\"@context\":\"https:\\\/\\\/schema.org\",\"@graph\":[{\"@type\":\"WebPage\",\"@id\":\"https:\\\/\\\/orthopaedie-rheinmain.de\\\/erklaerung-zur-barrierefreiheit\\\/\",\"url\":\"https:\\\/\\\/orthopaedie-rheinmain.de\\\/erklaerung-zur-barrierefreiheit\\\/\",\"name\":\"Erkl\u00e4rung zur Barrierefreiheit - Zentrum f&uuml;r Orthop&auml;die Rhein-Main\",\"isPartOf\":{\"@id\":\"https:\\\/\\\/orthopaedie-rheinmain.de\\\/#website\"},\"datePublished\":\"2025-06-13T15:01:14+00:00\",\"dateModified\":\"2025-06-13T15:18:44+00:00\",\"breadcrumb\":{\"@id\":\"https:\\\/\\\/orthopaedie-rheinmain.de\\\/erklaerung-zur-barrierefreiheit\\\/#breadcrumb\"},\"inLanguage\":\"en-US\",\"potentialAction\":[{\"@type\":\"ReadAction\",\"target\":[\"https:\\\/\\\/orthopaedie-rheinmain.de\\\/erklaerung-zur-barrierefreiheit\\\/\"]}]},{\"@type\":\"BreadcrumbList\",\"@id\":\"https:\\\/\\\/orthopaedie-rheinmain.de\\\/erklaerung-zur-barrierefreiheit\\\/#breadcrumb\",\"itemListElement\":[{\"@type\":\"ListItem\",\"position\":1,\"name\":\"Startseite\",\"item\":\"https:\\\/\\\/orthopaedie-rheinmain.de\\\/\"},{\"@type\":\"ListItem\",\"position\":2,\"name\":\"Erkl\u00e4rung zur Barrierefreiheit\"}]},{\"@type\":\"WebSite\",\"@id\":\"https:\\\/\\\/orthopaedie-rheinmain.de\\\/#website\",\"url\":\"https:\\\/\\\/orthopaedie-rheinmain.de\\\/\",\"name\":\"Zentrum f&uuml;r Orthop&auml;die Rhein-Main\",\"description\":\"Willkommen im Zentrum f\u00fcr Orthop\u00e4die Rhein-Main\",\"potentialAction\":[{\"@type\":\"SearchAction\",\"target\":{\"@type\":\"EntryPoint\",\"urlTemplate\":\"https:\\\/\\\/orthopaedie-rheinmain.de\\\/?s={search_term_string}\"},\"query-input\":{\"@type\":\"PropertyValueSpecification\",\"valueRequired\":true,\"valueName\":\"search_term_string\"}}],\"inLanguage\":\"en-US\"}]}<\/script>\n<!-- \/ Yoast SEO plugin. -->","yoast_head_json":{"title":"Erkl\u00e4rung zur Barrierefreiheit - Zentrum f&uuml;r Orthop&auml;die Rhein-Main","robots":{"index":"index","follow":"follow","max-snippet":"max-snippet:-1","max-image-preview":"max-image-preview:large","max-video-preview":"max-video-preview:-1"},"canonical":"https:\/\/orthopaedie-rheinmain.de\/en\/erklaerung-zur-barrierefreiheit\/","og_locale":"en_US","og_type":"article","og_title":"Erkl\u00e4rung zur Barrierefreiheit - Zentrum f&uuml;r Orthop&auml;die Rhein-Main","og_url":"https:\/\/orthopaedie-rheinmain.de\/en\/erklaerung-zur-barrierefreiheit\/","og_site_name":"Zentrum f&uuml;r Orthop&auml;die Rhein-Main","article_modified_time":"2025-06-13T15:18:44+00:00","twitter_card":"summary_large_image","twitter_misc":{"Est. reading time":"2 minutes"},"schema":{"@context":"https:\/\/schema.org","@graph":[{"@type":"WebPage","@id":"https:\/\/orthopaedie-rheinmain.de\/erklaerung-zur-barrierefreiheit\/","url":"https:\/\/orthopaedie-rheinmain.de\/erklaerung-zur-barrierefreiheit\/","name":"Erkl\u00e4rung zur Barrierefreiheit - Zentrum f&uuml;r Orthop&auml;die Rhein-Main","isPartOf":{"@id":"https:\/\/orthopaedie-rheinmain.de\/#website"},"datePublished":"2025-06-13T15:01:14+00:00","dateModified":"2025-06-13T15:18:44+00:00","breadcrumb":{"@id":"https:\/\/orthopaedie-rheinmain.de\/erklaerung-zur-barrierefreiheit\/#breadcrumb"},"inLanguage":"en-US","potentialAction":[{"@type":"ReadAction","target":["https:\/\/orthopaedie-rheinmain.de\/erklaerung-zur-barrierefreiheit\/"]}]},{"@type":"BreadcrumbList","@id":"https:\/\/orthopaedie-rheinmain.de\/erklaerung-zur-barrierefreiheit\/#breadcrumb","itemListElement":[{"@type":"ListItem","position":1,"name":"Startseite","item":"https:\/\/orthopaedie-rheinmain.de\/"},{"@type":"ListItem","position":2,"name":"Erkl\u00e4rung zur Barrierefreiheit"}]},{"@type":"WebSite","@id":"https:\/\/orthopaedie-rheinmain.de\/#website","url":"https:\/\/orthopaedie-rheinmain.de\/","name":"Rhine-Main Orthopedic Center","description":"Welcome to the Rhine-Main Orthopedic Center","potentialAction":[{"@type":"SearchAction","target":{"@type":"EntryPoint","urlTemplate":"https:\/\/orthopaedie-rheinmain.de\/?s={search_term_string}"},"query-input":{"@type":"PropertyValueSpecification","valueRequired":true,"valueName":"search_term_string"}}],"inLanguage":"en-US"}]}},"_links":{"self":[{"href":"https:\/\/orthopaedie-rheinmain.de\/en\/wp-json\/wp\/v2\/pages\/12504","targetHints":{"allow":["GET"]}}],"collection":[{"href":"https:\/\/orthopaedie-rheinmain.de\/en\/wp-json\/wp\/v2\/pages"}],"about":[{"href":"https:\/\/orthopaedie-rheinmain.de\/en\/wp-json\/wp\/v2\/types\/page"}],"author":[{"embeddable":true,"href":"https:\/\/orthopaedie-rheinmain.de\/en\/wp-json\/wp\/v2\/users\/1"}],"replies":[{"embeddable":true,"href":"https:\/\/orthopaedie-rheinmain.de\/en\/wp-json\/wp\/v2\/comments?post=12504"}],"version-history":[{"count":2,"href":"https:\/\/orthopaedie-rheinmain.de\/en\/wp-json\/wp\/v2\/pages\/12504\/revisions"}],"predecessor-version":[{"id":12506,"href":"https:\/\/orthopaedie-rheinmain.de\/en\/wp-json\/wp\/v2\/pages\/12504\/revisions\/12506"}],"wp:attachment":[{"href":"https:\/\/orthopaedie-rheinmain.de\/en\/wp-json\/wp\/v2\/media?parent=12504"}],"curies":[{"name":"wp","href":"https:\/\/api.w.org\/{rel}","templated":true}]}}