{"id":12301,"date":"2023-08-10T19:22:29","date_gmt":"2023-08-10T18:22:29","guid":{"rendered":"https:\/\/www.orthopaedie-rheinmain.de\/?page_id=12301"},"modified":"2023-11-05T16:15:52","modified_gmt":"2023-11-05T15:15:52","slug":"frau-dr-tina-kremer","status":"publish","type":"page","link":"https:\/\/orthopaedie-rheinmain.de\/en\/ueber-uns\/frau-dr-tina-kremer\/","title":{"rendered":"Dr. med. Tina Kremer"},"content":{"rendered":"<div class=\"wpb-content-wrapper\"><div class=\"vc_row wpb_row vc_row-fluid team-member vc_row-o-equal-height vc_row-o-content-middle vc_row-flex\"><div class=\"wpb_column vc_column_container vc_col-sm-12\"><div class=\"vc_column-inner\"><div class=\"wpb_wrapper\">\n\t<div class=\"wpb_text_column wpb_content_element\" >\n\t\t<div class=\"wpb_wrapper\">\n\t\t\t<h2 id=\"ORM#002.02Text&quot;\u00dcberUns&quot;-Dr.med.HaraldLehnert\">Dr. med. Tina Kremer<\/h2>\n\n\t\t<\/div>\n\t<\/div>\n\n\t<div class=\"wpb_text_column wpb_content_element\" >\n\t\t<div class=\"wpb_wrapper\">\n\t\t\t<h3>Specialist in general medicine, specialized pain therapy, acupuncture<\/h3>\n\n\t\t<\/div>\n\t<\/div>\n<\/div><\/div><\/div><div class=\"wpb_column vc_column_container vc_col-sm-6\"><div class=\"vc_column-inner\"><div class=\"wpb_wrapper\">\n\t<div  class=\"wpb_single_image wpb_content_element vc_align_center\">\n\t\t\n\t\t<figure class=\"wpb_wrapper vc_figure\">\n\t\t\t<div class=\"vc_single_image-wrapper   vc_box_border_grey\"><img loading=\"lazy\" decoding=\"async\" width=\"2560\" height=\"1702\" src=\"https:\/\/orthopaedie-rheinmain.de\/wp-content\/uploads\/Tina-Kremer-scaled-e1699197068791.jpg\" class=\"vc_single_image-img attachment-full\" alt=\"Dr. med. Tina Kremer\" title=\"Tina Kremer\" srcset=\"https:\/\/orthopaedie-rheinmain.de\/wp-content\/uploads\/Tina-Kremer-scaled-e1699197068791.jpg 2560w, https:\/\/orthopaedie-rheinmain.de\/wp-content\/uploads\/Tina-Kremer-scaled-e1699197068791-300x199.jpg 300w, https:\/\/orthopaedie-rheinmain.de\/wp-content\/uploads\/Tina-Kremer-scaled-e1699197068791-1024x681.jpg 1024w, https:\/\/orthopaedie-rheinmain.de\/wp-content\/uploads\/Tina-Kremer-scaled-e1699197068791-768x511.jpg 768w, https:\/\/orthopaedie-rheinmain.de\/wp-content\/uploads\/Tina-Kremer-scaled-e1699197068791-1536x1021.jpg 1536w, https:\/\/orthopaedie-rheinmain.de\/wp-content\/uploads\/Tina-Kremer-scaled-e1699197068791-2048x1362.jpg 2048w, https:\/\/orthopaedie-rheinmain.de\/wp-content\/uploads\/Tina-Kremer-scaled-e1699197068791-18x12.jpg 18w\" sizes=\"auto, (max-width: 2560px) 100vw, 2560px\"  data-dt-location=\"https:\/\/orthopaedie-rheinmain.de\/en\/ueber-uns\/frau-dr-tina-kremer\/tina-kremer\/\" \/><\/div>\n\t\t<\/figure>\n\t<\/div>\n<\/div><\/div><\/div><div class=\"wpb_column vc_column_container vc_col-sm-6\"><div class=\"vc_column-inner\"><div class=\"wpb_wrapper\">\n\t<div class=\"wpb_text_column wpb_content_element\" >\n\t\t<div class=\"wpb_wrapper\">\n\t\t\t<h5>Coping with pain means having the serenity to accept that something is what it is and that there must be a way through it.<\/h5>\n\n\t\t<\/div>\n\t<\/div>\n<\/div><\/div><\/div><\/div><div data-vc-full-width=\"true\" data-vc-full-width-temp=\"true\" data-vc-full-width-init=\"false\" class=\"vc_row wpb_row vc_row-fluid team-member vc_custom_1551819565078 vc_row-has-fill vc_row-o-equal-height vc_row-flex\"><div class=\"wpb_column vc_column_container vc_col-sm-6\"><div class=\"vc_column-inner\"><div class=\"wpb_wrapper\">\n\t<div class=\"wpb_text_column wpb_content_element\" >\n\t\t<div class=\"wpb_wrapper\">\n\t\t\t<p><strong>Specialties<\/strong><\/p>\n<ul>\n<li>Special pain therapy<\/li>\n<li>Acupuncture<\/li>\n<li>Psychotherapie<\/li>\n<\/ul>\n\n\t\t<\/div>\n\t<\/div>\n\n\t<div class=\"wpb_text_column wpb_content_element\" >\n\t\t<div class=\"wpb_wrapper\">\n\t\t\t<p><strong>Location<\/strong><\/p>\n<p>Fl\u00f6rsheim<\/p>\n\n\t\t<\/div>\n\t<\/div>\n\n\t<div class=\"wpb_text_column wpb_content_element\" >\n\t\t<div class=\"wpb_wrapper\">\n\t\t\t<p><strong>Focal points<\/strong><\/p>\n<ul>\n<li>Treatment of acute and chronic pain conditions<\/li>\n<li>Participation in the quality assurance agreement on pain therapy of the KV Hessen (Association of Statutory Health Insurance Physicians in Hesse)<\/li>\n<\/ul>\n\n\t\t<\/div>\n\t<\/div>\n<\/div><\/div><\/div><div class=\"wpb_column vc_column_container vc_col-sm-6\"><div class=\"vc_column-inner\"><div class=\"wpb_wrapper\">\n\t<div class=\"wpb_text_column wpb_content_element\" >\n\t\t<div class=\"wpb_wrapper\">\n\t\t\t<p><strong>Curriculum vitae<\/strong><\/p>\n<ol>\n<li><strong>Since 07\/2023:<\/strong><br \/>\nDoctor specialising in special pain therapy at the Rhine-Main Orthopaedic Centre<\/li>\n<li><strong>2020-2023:<\/strong><br \/>\nSpecialist medical practice at the Rhine-Main Pain and Palliative Care Centre in Wiesbaden<\/li>\n<li><strong>2016-2020:<\/strong><br \/>\nSpecialist medical practice in various general practices<\/li>\n<li><strong>2016:<\/strong><br \/>\nDoctoral thesis: \"Intubation rate and mortality with and without preclinical continuous positive airway pressure in patients with acute cardiogenic pulmonary oedema\", Department of Internal Medicine, specialising in pneumology, Philipps University of Marburg<\/li>\n<li><strong>2009-2015:<\/strong><br \/>\nSpecialist training at the Catholic Hospital in Mainz and at Dr. Schwalb's general practice in Wiesbaden<\/li>\n<li><strong>2001-2008:<\/strong><br \/>\nStudied human medicine at Philipps University of Marburg<\/li>\n<\/ol>\n\n\t\t<\/div>\n\t<\/div>\n<\/div><\/div><\/div><\/div><div class=\"vc_row-full-width vc_clearfix\"><\/div>\n<\/div>","protected":false},"excerpt":{"rendered":"<p>Dr. med. Tina Kremer Fach\u00e4rztin f\u00fcr Allgemeinmedizin, spezielle Schmerztherapie, Akupunktur Bew\u00e4ltigung von Schmerzen bedeutet die Gelassenheit, anzunehmen, dass etwas ist, was es ist und dass es einen Weg hindurch geben muss. Fachgebiete Spezielle Schmerztherapie Akupunktur Psychotherapie Standort Fl\u00f6rsheim Schwerpunkte Behandlung akuter und chronischer Schmerzzust\u00e4nde Teilnahme an der Qualit\u00e4tssicherungsvereinbarung Schmerztherapie der KV Hessen Lebenslauf Seit 07\/2023:&hellip;<\/p>","protected":false},"author":1,"featured_media":0,"parent":25,"menu_order":0,"comment_status":"closed","ping_status":"closed","template":"","meta":{"footnotes":""},"class_list":["post-12301","page","type-page","status-publish","hentry","description-off"],"yoast_head":"<!-- This site is optimized with the Yoast SEO plugin v27.5 - https:\/\/yoast.com\/product\/yoast-seo-wordpress\/ -->\n<title>Dr. med. Tina Kremer - Zentrum f&uuml;r Orthop&auml;die Rhein-Main<\/title>\n<meta name=\"robots\" content=\"index, follow, max-snippet:-1, max-image-preview:large, max-video-preview:-1\" \/>\n<link rel=\"canonical\" href=\"https:\/\/orthopaedie-rheinmain.de\/en\/ueber-uns\/frau-dr-tina-kremer\/\" \/>\n<meta property=\"og:locale\" content=\"en_US\" \/>\n<meta property=\"og:type\" content=\"article\" \/>\n<meta property=\"og:title\" content=\"Dr. med. Tina Kremer - Zentrum f&uuml;r Orthop&auml;die Rhein-Main\" \/>\n<meta property=\"og:url\" content=\"https:\/\/orthopaedie-rheinmain.de\/en\/ueber-uns\/frau-dr-tina-kremer\/\" \/>\n<meta property=\"og:site_name\" content=\"Zentrum f&uuml;r Orthop&auml;die Rhein-Main\" \/>\n<meta property=\"article:modified_time\" content=\"2023-11-05T15:15:52+00:00\" \/>\n<meta name=\"twitter:card\" content=\"summary_large_image\" \/>\n<meta name=\"twitter:label1\" content=\"Est. reading time\" \/>\n\t<meta name=\"twitter:data1\" content=\"1 minute\" \/>\n<script type=\"application\/ld+json\" class=\"yoast-schema-graph\">{\"@context\":\"https:\\\/\\\/schema.org\",\"@graph\":[{\"@type\":\"WebPage\",\"@id\":\"https:\\\/\\\/orthopaedie-rheinmain.de\\\/ueber-uns\\\/frau-dr-tina-kremer\\\/\",\"url\":\"https:\\\/\\\/orthopaedie-rheinmain.de\\\/ueber-uns\\\/frau-dr-tina-kremer\\\/\",\"name\":\"Dr. med. Tina Kremer - Zentrum f&uuml;r Orthop&auml;die Rhein-Main\",\"isPartOf\":{\"@id\":\"https:\\\/\\\/orthopaedie-rheinmain.de\\\/#website\"},\"datePublished\":\"2023-08-10T18:22:29+00:00\",\"dateModified\":\"2023-11-05T15:15:52+00:00\",\"breadcrumb\":{\"@id\":\"https:\\\/\\\/orthopaedie-rheinmain.de\\\/ueber-uns\\\/frau-dr-tina-kremer\\\/#breadcrumb\"},\"inLanguage\":\"en-US\",\"potentialAction\":[{\"@type\":\"ReadAction\",\"target\":[\"https:\\\/\\\/orthopaedie-rheinmain.de\\\/ueber-uns\\\/frau-dr-tina-kremer\\\/\"]}]},{\"@type\":\"BreadcrumbList\",\"@id\":\"https:\\\/\\\/orthopaedie-rheinmain.de\\\/ueber-uns\\\/frau-dr-tina-kremer\\\/#breadcrumb\",\"itemListElement\":[{\"@type\":\"ListItem\",\"position\":1,\"name\":\"Startseite\",\"item\":\"https:\\\/\\\/orthopaedie-rheinmain.de\\\/\"},{\"@type\":\"ListItem\",\"position\":2,\"name\":\"\u00dcber uns\",\"item\":\"https:\\\/\\\/orthopaedie-rheinmain.de\\\/ueber-uns\\\/\"},{\"@type\":\"ListItem\",\"position\":3,\"name\":\"Dr. med. Tina Kremer\"}]},{\"@type\":\"WebSite\",\"@id\":\"https:\\\/\\\/orthopaedie-rheinmain.de\\\/#website\",\"url\":\"https:\\\/\\\/orthopaedie-rheinmain.de\\\/\",\"name\":\"Zentrum f&uuml;r Orthop&auml;die Rhein-Main\",\"description\":\"Willkommen im Zentrum f\u00fcr Orthop\u00e4die Rhein-Main\",\"potentialAction\":[{\"@type\":\"SearchAction\",\"target\":{\"@type\":\"EntryPoint\",\"urlTemplate\":\"https:\\\/\\\/orthopaedie-rheinmain.de\\\/?s={search_term_string}\"},\"query-input\":{\"@type\":\"PropertyValueSpecification\",\"valueRequired\":true,\"valueName\":\"search_term_string\"}}],\"inLanguage\":\"en-US\"}]}<\/script>\n<!-- \/ Yoast SEO plugin. -->","yoast_head_json":{"title":"Dr. med. Tina Kremer - Zentrum f&uuml;r Orthop&auml;die Rhein-Main","robots":{"index":"index","follow":"follow","max-snippet":"max-snippet:-1","max-image-preview":"max-image-preview:large","max-video-preview":"max-video-preview:-1"},"canonical":"https:\/\/orthopaedie-rheinmain.de\/en\/ueber-uns\/frau-dr-tina-kremer\/","og_locale":"en_US","og_type":"article","og_title":"Dr. med. Tina Kremer - Zentrum f&uuml;r Orthop&auml;die Rhein-Main","og_url":"https:\/\/orthopaedie-rheinmain.de\/en\/ueber-uns\/frau-dr-tina-kremer\/","og_site_name":"Zentrum f&uuml;r Orthop&auml;die Rhein-Main","article_modified_time":"2023-11-05T15:15:52+00:00","twitter_card":"summary_large_image","twitter_misc":{"Est. reading time":"1 minute"},"schema":{"@context":"https:\/\/schema.org","@graph":[{"@type":"WebPage","@id":"https:\/\/orthopaedie-rheinmain.de\/ueber-uns\/frau-dr-tina-kremer\/","url":"https:\/\/orthopaedie-rheinmain.de\/ueber-uns\/frau-dr-tina-kremer\/","name":"Dr. med. Tina Kremer - Zentrum f&uuml;r Orthop&auml;die Rhein-Main","isPartOf":{"@id":"https:\/\/orthopaedie-rheinmain.de\/#website"},"datePublished":"2023-08-10T18:22:29+00:00","dateModified":"2023-11-05T15:15:52+00:00","breadcrumb":{"@id":"https:\/\/orthopaedie-rheinmain.de\/ueber-uns\/frau-dr-tina-kremer\/#breadcrumb"},"inLanguage":"en-US","potentialAction":[{"@type":"ReadAction","target":["https:\/\/orthopaedie-rheinmain.de\/ueber-uns\/frau-dr-tina-kremer\/"]}]},{"@type":"BreadcrumbList","@id":"https:\/\/orthopaedie-rheinmain.de\/ueber-uns\/frau-dr-tina-kremer\/#breadcrumb","itemListElement":[{"@type":"ListItem","position":1,"name":"Startseite","item":"https:\/\/orthopaedie-rheinmain.de\/"},{"@type":"ListItem","position":2,"name":"\u00dcber uns","item":"https:\/\/orthopaedie-rheinmain.de\/ueber-uns\/"},{"@type":"ListItem","position":3,"name":"Dr. med. Tina Kremer"}]},{"@type":"WebSite","@id":"https:\/\/orthopaedie-rheinmain.de\/#website","url":"https:\/\/orthopaedie-rheinmain.de\/","name":"Rhine-Main Orthopedic Center","description":"Welcome to the Rhine-Main Orthopedic Center","potentialAction":[{"@type":"SearchAction","target":{"@type":"EntryPoint","urlTemplate":"https:\/\/orthopaedie-rheinmain.de\/?s={search_term_string}"},"query-input":{"@type":"PropertyValueSpecification","valueRequired":true,"valueName":"search_term_string"}}],"inLanguage":"en-US"}]}},"_links":{"self":[{"href":"https:\/\/orthopaedie-rheinmain.de\/en\/wp-json\/wp\/v2\/pages\/12301","targetHints":{"allow":["GET"]}}],"collection":[{"href":"https:\/\/orthopaedie-rheinmain.de\/en\/wp-json\/wp\/v2\/pages"}],"about":[{"href":"https:\/\/orthopaedie-rheinmain.de\/en\/wp-json\/wp\/v2\/types\/page"}],"author":[{"embeddable":true,"href":"https:\/\/orthopaedie-rheinmain.de\/en\/wp-json\/wp\/v2\/users\/1"}],"replies":[{"embeddable":true,"href":"https:\/\/orthopaedie-rheinmain.de\/en\/wp-json\/wp\/v2\/comments?post=12301"}],"version-history":[{"count":6,"href":"https:\/\/orthopaedie-rheinmain.de\/en\/wp-json\/wp\/v2\/pages\/12301\/revisions"}],"predecessor-version":[{"id":12350,"href":"https:\/\/orthopaedie-rheinmain.de\/en\/wp-json\/wp\/v2\/pages\/12301\/revisions\/12350"}],"up":[{"embeddable":true,"href":"https:\/\/orthopaedie-rheinmain.de\/en\/wp-json\/wp\/v2\/pages\/25"}],"wp:attachment":[{"href":"https:\/\/orthopaedie-rheinmain.de\/en\/wp-json\/wp\/v2\/media?parent=12301"}],"curies":[{"name":"wp","href":"https:\/\/api.w.org\/{rel}","templated":true}]}}