{"id":946,"date":"2019-03-04T22:55:49","date_gmt":"2019-03-04T21:55:49","guid":{"rendered":"http:\/\/www.orthopaedie-rheinmain.de\/?page_id=946"},"modified":"2023-08-30T13:31:06","modified_gmt":"2023-08-30T12:31:06","slug":"schneider","status":"publish","type":"page","link":"http:\/\/orthopaedie-rheinmain.de\/en\/ueber-uns\/schneider\/","title":{"rendered":"Dr. med. Michael Schneider"},"content":{"rendered":"<div class=\"wpb-content-wrapper\"><div class=\"vc_row wpb_row vc_row-fluid team-member vc_row-o-equal-height vc_row-o-content-middle vc_row-flex\"><div class=\"wpb_column vc_column_container vc_col-sm-12\"><div class=\"vc_column-inner\"><div class=\"wpb_wrapper\">\n\t<div class=\"wpb_text_column wpb_content_element\" >\n\t\t<div class=\"wpb_wrapper\">\n\t\t\t<h2>Dr. med. Michael Schneider<\/h2>\n\n\t\t<\/div>\n\t<\/div>\n\n\t<div class=\"wpb_text_column wpb_content_element\" >\n\t\t<div class=\"wpb_wrapper\">\n\t\t\t<h3>Specialist for Orthopaedics and Trauma Surgery<\/h3>\n\n\t\t<\/div>\n\t<\/div>\n<\/div><\/div><\/div><div class=\"wpb_column vc_column_container vc_col-sm-6\"><div class=\"vc_column-inner\"><div class=\"wpb_wrapper\">\n\t<div  class=\"wpb_single_image wpb_content_element vc_align_center\">\n\t\t\n\t\t<figure class=\"wpb_wrapper vc_figure\">\n\t\t\t<div class=\"vc_single_image-wrapper   vc_box_border_grey\"><img loading=\"lazy\" decoding=\"async\" width=\"2560\" height=\"1706\" src=\"https:\/\/orthopaedie-rheinmain.de\/wp-content\/uploads\/2023_schneider-scaled.jpg\" class=\"vc_single_image-img attachment-full\" alt=\"Dr. med. Michael Schneider\" title=\"2023_schneider\" srcset=\"https:\/\/orthopaedie-rheinmain.de\/wp-content\/uploads\/2023_schneider-scaled.jpg 2560w, https:\/\/orthopaedie-rheinmain.de\/wp-content\/uploads\/2023_schneider-300x200.jpg 300w, https:\/\/orthopaedie-rheinmain.de\/wp-content\/uploads\/2023_schneider-1024x683.jpg 1024w, https:\/\/orthopaedie-rheinmain.de\/wp-content\/uploads\/2023_schneider-768x512.jpg 768w, https:\/\/orthopaedie-rheinmain.de\/wp-content\/uploads\/2023_schneider-1536x1024.jpg 1536w, https:\/\/orthopaedie-rheinmain.de\/wp-content\/uploads\/2023_schneider-2048x1365.jpg 2048w, https:\/\/orthopaedie-rheinmain.de\/wp-content\/uploads\/2023_schneider-18x12.jpg 18w\" sizes=\"auto, (max-width: 2560px) 100vw, 2560px\"  data-dt-location=\"http:\/\/orthopaedie-rheinmain.de\/en\/2023_schneider\/\" \/><\/div>\n\t\t<\/figure>\n\t<\/div>\n<\/div><\/div><\/div><div class=\"wpb_column vc_column_container vc_col-sm-6\"><div class=\"vc_column-inner\"><div class=\"wpb_wrapper\">\n\t<div class=\"wpb_text_column wpb_content_element\" >\n\t\t<div class=\"wpb_wrapper\">\n\t\t\t<h5>Wealth is much, satisfaction is more, health is everything!<\/h5>\n\n\t\t<\/div>\n\t<\/div>\n<\/div><\/div><\/div><\/div><div data-vc-full-width=\"true\" data-vc-full-width-init=\"false\" class=\"vc_row wpb_row vc_row-fluid team-member vc_custom_1551819565078 vc_row-has-fill vc_row-o-equal-height vc_row-flex\"><div class=\"wpb_column vc_column_container vc_col-sm-6\"><div class=\"vc_column-inner\"><div class=\"wpb_wrapper\">\n\t<div class=\"wpb_text_column wpb_content_element\" >\n\t\t<div class=\"wpb_wrapper\">\n\t\t\t<p><strong>Specialties<\/strong><\/p>\n<ul class=\"ul1\">\n<li class=\"li1\">D-Doctor<\/li>\n<li class=\"li1\">Special accident surgery<\/li>\n<li class=\"li1\">Orthopaedics<\/li>\n<li class=\"li1\">Trauma surgery<\/li>\n<li class=\"li1\">Emergency medicine<\/li>\n<li class=\"li1\">Psychosomatic primary care<\/li>\n<li><a href=\"https:\/\/orthopaedie-rheinmain.de\/en\/leistungen-und-schwerpunkte\/orthopaedie\/chirotherapie\/\">Chirotherapy<\/a><\/li>\n<\/ul>\n\n\t\t<\/div>\n\t<\/div>\n\n\t<div class=\"wpb_text_column wpb_content_element\" >\n\t\t<div class=\"wpb_wrapper\">\n\t\t\t<p><strong>Location<\/strong><\/p>\n<p>Fl\u00f6rsheim and Hofheim<\/p>\n\n\t\t<\/div>\n\t<\/div>\n\n\t<div class=\"wpb_text_column wpb_content_element\" >\n\t\t<div class=\"wpb_wrapper\">\n\t\t\t<p><strong>Focal points<\/strong><\/p>\n<ul class=\"ul1\">\n<li class=\"li1\">Care and treatment of accidents at work and occupational diseases<\/li>\n<li class=\"li1\">Age traumatology (osteoporosis management)<\/li>\n<li class=\"li1\"><a href=\"https:\/\/orthopaedie-rheinmain.de\/en\/leistungen-und-schwerpunkte\/operationen\/arthroskopische-operationen\/\">Arthroscopic Surgery<\/a><\/li>\n<li class=\"li1\">Surgical treatment of bone fractures and sports injuries<\/li>\n<li><a href=\"https:\/\/orthopaedie-rheinmain.de\/en\/leistungen-und-schwerpunkte\/orthopaedie\/kinder\/\">Paediatric orthopaedics<\/a> (Sonography infant hips, scoliosis, infant hip dysplasia etc.)<\/li>\n<li class=\"li1\">Arthroscopic joint operations (knee, shoulder)<\/li>\n<\/ul>\n\n\t\t<\/div>\n\t<\/div>\n<\/div><\/div><\/div><div class=\"wpb_column vc_column_container vc_col-sm-6\"><div class=\"vc_column-inner\"><div class=\"wpb_wrapper\">\n\t<div class=\"wpb_text_column wpb_content_element\" >\n\t\t<div class=\"wpb_wrapper\">\n\t\t\t<p><strong>Curriculum vitae<\/strong><\/p>\n<ol class=\"ol1\">\n<li class=\"li1\"><b>2015-2016:<br \/>\n<\/b>Chief physician of geriatric traumatology<\/li>\n<li class=\"li1\"><b>2013 \u2013 2015:<br \/>\n<\/b>Specialist for Orthopaedics and Trauma Surgery <a href=\"https:\/\/www.kliniken-mtk.de\/cipp\/mtk\/lib\/pub\/tt,lang,1\/oid,3132\/ticket,guest\">Bad Soden Hospital,<\/a>Chief Physician PD Dr. Horas<\/li>\n<li class=\"li1\"><b>2008:<br \/>\n<\/b>Doctoral thesis: \"The effect of dendrites and tumor cell fusion hybrids on tumor growth in the Lewis lung carcinoma model of the mouse\".<\/li>\n<li class=\"li1\"><b>2006-2012:<br \/>\n<\/b>Assistant Doctor for Orthopaedics and Trauma Surgery <a href=\"https:\/\/www.kliniken-mtk.de\/cipp\/mtk\/lib\/pub\/tt,lang,1\/ticket,guest\/oid,66\">Hospital Hofheim<\/a> and <a href=\"https:\/\/www.kliniken-mtk.de\/cipp\/mtk\/lib\/pub\/tt,lang,1\/oid,3132\/ticket,guest\">Bad\u00a0Soden<\/a>Chief Physician PD Dr. Horas<\/li>\n<li class=\"li1\"><b>2011-2012:<br \/>\n<\/b>One-year exchange as assistant physician in orthopaedics, <a href=\"https:\/\/www.klinikumfrankfurt.de\/home.html\">St\u00e4dt. Kliniken Frankfurt- H\u00f6chst<\/a> Department of Orthopaedics, head physician Prof. Dr. Daecke and temporary head Dr. Mouret<\/li>\n<\/ol>\n\n\t\t<\/div>\n\t<\/div>\n<\/div><\/div><\/div><\/div><div class=\"vc_row-full-width vc_clearfix\"><\/div>\n<\/div>","protected":false},"excerpt":{"rendered":"<p>Dr. med. Michael Schneider Facharzt f\u00fcr Orthop\u00e4die und Unfallchirurgie Reichtum ist viel, Zufriedenheit ist mehr, Gesundheit ist alles! Fachgebiete Durchgangsarzt Spezielle Unfallchirurgie Orthop\u00e4die Unfallchirurgie Notfallmedizin Psychosomatische Grundversorgung Chirotherapie Standort Fl\u00f6rsheim und Hofheim Schwerpunkte Versorgung und Behandlung von Arbeitsunf\u00e4llen und Berufserkrankungen Alterstraumatologie (Osteoporosemanagement) Arthroskopische Operationen Operative Versorgung von Knochenbr\u00fcchen und Sportverletzungen Kinderorthop\u00e4die (Sonographie S\u00e4uglingsh\u00fcften, Skoliose, S\u00e4uglingsh\u00fcftdysplasie&hellip;<\/p>","protected":false},"author":1,"featured_media":0,"parent":25,"menu_order":1,"comment_status":"closed","ping_status":"closed","template":"","meta":{"footnotes":""},"class_list":["post-946","page","type-page","status-publish","hentry","description-off"],"yoast_head":"<!-- This site is optimized with the Yoast SEO plugin v27.4 - https:\/\/yoast.com\/product\/yoast-seo-wordpress\/ -->\n<title>Dr. med. Michael Schneider - Zentrum f&uuml;r Orthop&auml;die Rhein-Main<\/title>\n<meta name=\"robots\" content=\"index, follow, max-snippet:-1, max-image-preview:large, max-video-preview:-1\" \/>\n<link rel=\"canonical\" href=\"https:\/\/orthopaedie-rheinmain.de\/en\/ueber-uns\/schneider\/\" \/>\n<meta property=\"og:locale\" content=\"en_US\" \/>\n<meta property=\"og:type\" content=\"article\" \/>\n<meta property=\"og:title\" content=\"Dr. med. Michael Schneider - Zentrum f&uuml;r Orthop&auml;die Rhein-Main\" \/>\n<meta property=\"og:url\" content=\"https:\/\/orthopaedie-rheinmain.de\/en\/ueber-uns\/schneider\/\" \/>\n<meta property=\"og:site_name\" content=\"Zentrum f&uuml;r Orthop&auml;die Rhein-Main\" \/>\n<meta property=\"article:modified_time\" content=\"2023-08-30T12:31:06+00:00\" \/>\n<meta name=\"twitter:card\" content=\"summary_large_image\" \/>\n<meta name=\"twitter:label1\" content=\"Est. reading time\" \/>\n\t<meta name=\"twitter:data1\" content=\"1 minute\" \/>\n<script type=\"application\/ld+json\" class=\"yoast-schema-graph\">{\"@context\":\"https:\\\/\\\/schema.org\",\"@graph\":[{\"@type\":\"WebPage\",\"@id\":\"https:\\\/\\\/orthopaedie-rheinmain.de\\\/ueber-uns\\\/schneider\\\/\",\"url\":\"https:\\\/\\\/orthopaedie-rheinmain.de\\\/ueber-uns\\\/schneider\\\/\",\"name\":\"Dr. med. Michael Schneider - Zentrum f&uuml;r Orthop&auml;die Rhein-Main\",\"isPartOf\":{\"@id\":\"https:\\\/\\\/orthopaedie-rheinmain.de\\\/#website\"},\"datePublished\":\"2019-03-04T21:55:49+00:00\",\"dateModified\":\"2023-08-30T12:31:06+00:00\",\"breadcrumb\":{\"@id\":\"https:\\\/\\\/orthopaedie-rheinmain.de\\\/ueber-uns\\\/schneider\\\/#breadcrumb\"},\"inLanguage\":\"en-US\",\"potentialAction\":[{\"@type\":\"ReadAction\",\"target\":[\"https:\\\/\\\/orthopaedie-rheinmain.de\\\/ueber-uns\\\/schneider\\\/\"]}]},{\"@type\":\"BreadcrumbList\",\"@id\":\"https:\\\/\\\/orthopaedie-rheinmain.de\\\/ueber-uns\\\/schneider\\\/#breadcrumb\",\"itemListElement\":[{\"@type\":\"ListItem\",\"position\":1,\"name\":\"Startseite\",\"item\":\"https:\\\/\\\/orthopaedie-rheinmain.de\\\/\"},{\"@type\":\"ListItem\",\"position\":2,\"name\":\"\u00dcber uns\",\"item\":\"https:\\\/\\\/orthopaedie-rheinmain.de\\\/ueber-uns\\\/\"},{\"@type\":\"ListItem\",\"position\":3,\"name\":\"Dr. med. Michael Schneider\"}]},{\"@type\":\"WebSite\",\"@id\":\"https:\\\/\\\/orthopaedie-rheinmain.de\\\/#website\",\"url\":\"https:\\\/\\\/orthopaedie-rheinmain.de\\\/\",\"name\":\"Zentrum f&uuml;r Orthop&auml;die Rhein-Main\",\"description\":\"Willkommen im Zentrum f\u00fcr Orthop\u00e4die Rhein-Main\",\"potentialAction\":[{\"@type\":\"SearchAction\",\"target\":{\"@type\":\"EntryPoint\",\"urlTemplate\":\"https:\\\/\\\/orthopaedie-rheinmain.de\\\/?s={search_term_string}\"},\"query-input\":{\"@type\":\"PropertyValueSpecification\",\"valueRequired\":true,\"valueName\":\"search_term_string\"}}],\"inLanguage\":\"en-US\"}]}<\/script>\n<!-- \/ Yoast SEO plugin. -->","yoast_head_json":{"title":"Dr. med. Michael Schneider - Zentrum f&uuml;r Orthop&auml;die Rhein-Main","robots":{"index":"index","follow":"follow","max-snippet":"max-snippet:-1","max-image-preview":"max-image-preview:large","max-video-preview":"max-video-preview:-1"},"canonical":"https:\/\/orthopaedie-rheinmain.de\/en\/ueber-uns\/schneider\/","og_locale":"en_US","og_type":"article","og_title":"Dr. med. Michael Schneider - Zentrum f&uuml;r Orthop&auml;die Rhein-Main","og_url":"https:\/\/orthopaedie-rheinmain.de\/en\/ueber-uns\/schneider\/","og_site_name":"Zentrum f&uuml;r Orthop&auml;die Rhein-Main","article_modified_time":"2023-08-30T12:31:06+00:00","twitter_card":"summary_large_image","twitter_misc":{"Est. reading time":"1 minute"},"schema":{"@context":"https:\/\/schema.org","@graph":[{"@type":"WebPage","@id":"https:\/\/orthopaedie-rheinmain.de\/ueber-uns\/schneider\/","url":"https:\/\/orthopaedie-rheinmain.de\/ueber-uns\/schneider\/","name":"Dr. med. Michael Schneider - Zentrum f&uuml;r Orthop&auml;die Rhein-Main","isPartOf":{"@id":"https:\/\/orthopaedie-rheinmain.de\/#website"},"datePublished":"2019-03-04T21:55:49+00:00","dateModified":"2023-08-30T12:31:06+00:00","breadcrumb":{"@id":"https:\/\/orthopaedie-rheinmain.de\/ueber-uns\/schneider\/#breadcrumb"},"inLanguage":"en-US","potentialAction":[{"@type":"ReadAction","target":["https:\/\/orthopaedie-rheinmain.de\/ueber-uns\/schneider\/"]}]},{"@type":"BreadcrumbList","@id":"https:\/\/orthopaedie-rheinmain.de\/ueber-uns\/schneider\/#breadcrumb","itemListElement":[{"@type":"ListItem","position":1,"name":"Startseite","item":"https:\/\/orthopaedie-rheinmain.de\/"},{"@type":"ListItem","position":2,"name":"\u00dcber uns","item":"https:\/\/orthopaedie-rheinmain.de\/ueber-uns\/"},{"@type":"ListItem","position":3,"name":"Dr. med. Michael Schneider"}]},{"@type":"WebSite","@id":"https:\/\/orthopaedie-rheinmain.de\/#website","url":"https:\/\/orthopaedie-rheinmain.de\/","name":"Rhine-Main Orthopedic Center","description":"Welcome to the Rhine-Main Orthopedic Center","potentialAction":[{"@type":"SearchAction","target":{"@type":"EntryPoint","urlTemplate":"https:\/\/orthopaedie-rheinmain.de\/?s={search_term_string}"},"query-input":{"@type":"PropertyValueSpecification","valueRequired":true,"valueName":"search_term_string"}}],"inLanguage":"en-US"}]}},"_links":{"self":[{"href":"http:\/\/orthopaedie-rheinmain.de\/en\/wp-json\/wp\/v2\/pages\/946","targetHints":{"allow":["GET"]}}],"collection":[{"href":"http:\/\/orthopaedie-rheinmain.de\/en\/wp-json\/wp\/v2\/pages"}],"about":[{"href":"http:\/\/orthopaedie-rheinmain.de\/en\/wp-json\/wp\/v2\/types\/page"}],"author":[{"embeddable":true,"href":"http:\/\/orthopaedie-rheinmain.de\/en\/wp-json\/wp\/v2\/users\/1"}],"replies":[{"embeddable":true,"href":"http:\/\/orthopaedie-rheinmain.de\/en\/wp-json\/wp\/v2\/comments?post=946"}],"version-history":[{"count":41,"href":"http:\/\/orthopaedie-rheinmain.de\/en\/wp-json\/wp\/v2\/pages\/946\/revisions"}],"predecessor-version":[{"id":12327,"href":"http:\/\/orthopaedie-rheinmain.de\/en\/wp-json\/wp\/v2\/pages\/946\/revisions\/12327"}],"up":[{"embeddable":true,"href":"http:\/\/orthopaedie-rheinmain.de\/en\/wp-json\/wp\/v2\/pages\/25"}],"wp:attachment":[{"href":"http:\/\/orthopaedie-rheinmain.de\/en\/wp-json\/wp\/v2\/media?parent=946"}],"curies":[{"name":"wp","href":"https:\/\/api.w.org\/{rel}","templated":true}]}}